{"id":137,"date":"2020-07-02T15:44:24","date_gmt":"2020-07-02T13:44:24","guid":{"rendered":"http:\/\/www.autoscool-clermont.com\/lblum\/?page_id=137"},"modified":"2020-07-02T15:44:24","modified_gmt":"2020-07-02T13:44:24","slug":"mentions-legales","status":"publish","type":"page","link":"http:\/\/www.autoscool-clermont.com\/lblum\/index.php\/mentions-legales\/","title":{"rendered":"Mentions l\u00e9gales"},"content":{"rendered":"<div>Ce site internet est un outil d\u2019informations pratiques et commerciales \u00e0 l\u2019usage des internautes.<\/div>\n<div>\n<p>Les prix, informations et d\u00e9tails fournis dans ce site sont susceptibles de subir des modifications sans pr\u00e9avis.<br \/>\nLes photos sont non contractuelles. Bien que les informations contenues soient mises \u00e0 jour tr\u00e8s r\u00e9guli\u00e8rement, nous ne saurions \u00eatre tenus responsables si une erreur ou une obsolescence apparaissaient.<\/p>\n<p>Les photos figurant dans le site sont prot\u00e9g\u00e9es par la loi sur la propri\u00e9t\u00e9 intellectuelle et sur les droits d\u2019auteur et ne peuvent en aucun cas \u00eatre export\u00e9es ou r\u00e9utilis\u00e9es commercialement par un internaute en dehors du site, sans l\u2019autorisation expresse de leur propri\u00e9taire ou auteur. Nous nous r\u00e9servons le droit de supprimer ou retirer toute information iconographique.<\/p>\n<\/div>\n<div>Cr\u00e9dits photos du site : <strong><a title=\"Auto \u00e9cole \u00e0 Lafayette - Passer son permis a Clermont\" href=\"http:\/\/www.autoscool-clermont.com\" target=\"_blank\">Auto&rsquo;scool Lafayette<\/a><\/strong><\/div>\n<div>\n<table border=\"1\" frame=\"void\" rules=\"none\">\n<tbody>\n<tr>\n<td><strong>Directeur de publication, h\u00e9bergement&nbsp;et conception du site (graphisme et fonctionnalit\u00e9s) :<\/strong><\/p>\n<div>Guillaume BARBIER<br \/>\n19, bd Lafayette<\/div>\n<div>63000 CLERMONT-FERRAND<\/div>\n<div>t\u00e9l. +33 (0)4 73 92 50 36<br \/>\nSiren : 789 990 819<\/div>\n<div>RCS Clermont-Ferrand<\/div>\n<div><\/div>\n<div>H\u00e9bergement sur plateforme OVH<\/div>\n<\/td>\n<td><\/td>\n<\/tr>\n<\/tbody>\n<\/table>\n<\/div>\n","protected":false},"excerpt":{"rendered":"<p>Ce site internet est un outil d\u2019informations pratiques et commerciales \u00e0 l\u2019usage des internautes. Les prix, informations et d\u00e9tails fournis dans ce site sont susceptibles de subir des modifications sans pr\u00e9avis. Les photos sont non contractuelles. Bien que les informations contenues soient mises \u00e0 jour tr\u00e8s r\u00e9guli\u00e8rement, nous ne saurions \u00eatre tenus responsables si une &#8230; <a title=\"Mentions l\u00e9gales\" class=\"read-more\" href=\"http:\/\/www.autoscool-clermont.com\/lblum\/index.php\/mentions-legales\/\" aria-label=\"En savoir plus sur Mentions l\u00e9gales\">Lire la suite<\/a><\/p>\n","protected":false},"author":1,"featured_media":0,"parent":0,"menu_order":0,"comment_status":"closed","ping_status":"closed","template":"","meta":{"footnotes":""},"_links":{"self":[{"href":"http:\/\/www.autoscool-clermont.com\/lblum\/index.php\/wp-json\/wp\/v2\/pages\/137"}],"collection":[{"href":"http:\/\/www.autoscool-clermont.com\/lblum\/index.php\/wp-json\/wp\/v2\/pages"}],"about":[{"href":"http:\/\/www.autoscool-clermont.com\/lblum\/index.php\/wp-json\/wp\/v2\/types\/page"}],"author":[{"embeddable":true,"href":"http:\/\/www.autoscool-clermont.com\/lblum\/index.php\/wp-json\/wp\/v2\/users\/1"}],"replies":[{"embeddable":true,"href":"http:\/\/www.autoscool-clermont.com\/lblum\/index.php\/wp-json\/wp\/v2\/comments?post=137"}],"version-history":[{"count":1,"href":"http:\/\/www.autoscool-clermont.com\/lblum\/index.php\/wp-json\/wp\/v2\/pages\/137\/revisions"}],"predecessor-version":[{"id":138,"href":"http:\/\/www.autoscool-clermont.com\/lblum\/index.php\/wp-json\/wp\/v2\/pages\/137\/revisions\/138"}],"wp:attachment":[{"href":"http:\/\/www.autoscool-clermont.com\/lblum\/index.php\/wp-json\/wp\/v2\/media?parent=137"}],"curies":[{"name":"wp","href":"https:\/\/api.w.org\/{rel}","templated":true}]}}