{"id":123,"date":"2020-07-02T15:40:52","date_gmt":"2020-07-02T13:40:52","guid":{"rendered":"http:\/\/www.autoscool-clermont.com\/lblum\/?page_id=123"},"modified":"2020-07-02T15:40:52","modified_gmt":"2020-07-02T13:40:52","slug":"parcours-de-formation","status":"publish","type":"page","link":"https:\/\/www.autoscool-clermont.com\/lblum\/index.php\/parcours-de-formation\/","title":{"rendered":"Parcours de formation"},"content":{"rendered":"<p>Vous allez apprendre \u00e0 manipuler une automobile, \u00e0 circuler dans diff\u00e9rentes configurations et \u00e0 en conna\u00eetre les risques et les limites. Cela demande de la motivation et de la pers\u00e9v\u00e9rance.&nbsp; Le parcours de formation qui vous est propos\u00e9 vous permettra de progresser, de conna\u00eetre les r\u00e8gles du code de la route, de devenir un conducteur responsable et de vous pr\u00e9parer aux examens du permis de conduire.<\/p>\n<p>En signant un contrat avec notre auto-\u00e9cole, vous vous engagez \u00e0 suivre le programme de formation suivant :<\/p>\n<p>Avant d\u2019effectuer l\u2019inscription vous allez faire une \u00e9valuation. Nous vous ferons une proposition d\u00e9taill\u00e9e et chiffr\u00e9e de la formation en fonction du r\u00e9sultat de cette \u00e9valuation. Ensuite la formation se composera en deux parties :<\/p>\n<p><strong><u>Parcours th\u00e9orique<\/u><\/strong><\/p>\n<p>La formation aux cours th\u00e9oriques, portant sur diff\u00e9rentes th\u00e9matiques, se d\u00e9roule collectivement, dans les locaux de l\u2019\u00e9cole de conduite, et est dispens\u00e9e en pr\u00e9sence d\u2019un enseignant de la conduite et de la s\u00e9curit\u00e9 routi\u00e8re titulaire d\u2019une autorisation d\u2019enseigner en cours de validit\u00e9. Les horaires des cours th\u00e9oriques sont affich\u00e9s dans l\u2019\u00e9tablissement.&nbsp; La formation th\u00e9orique sur des questions d\u2019entra\u00eenement au code pourra \u00eatre suivie soit dans les locaux de l\u2019\u00e9cole de conduite avec un support m\u00e9dia tel que DVD avec un enseignant, soit sur Internet. Lorsque vous serez pr\u00eat nous vous pr\u00e9senterons \u00e0 l\u2019examen.<\/p>\n<p>&nbsp;<\/p>\n<p><strong><u>Parcours pratique<\/u><\/strong><\/p>\n<p>La phase de pratique d\u00e9butera pendant la phase th\u00e9orique.<\/p>\n<p>Pendant la phase pratique, vous serez amen\u00e9 \u00e0 circuler : &#8211; en ville ; &#8211; en rase campagne ; &#8211; sur autoroute ; &#8211; la nuit (si le cas se pr\u00e9sente).<\/p>\n<p>&nbsp;<\/p>\n<p><u>Vous serez amen\u00e9 \u00e0 participer \u00e0 un voyage \u00e9cole. <\/u><\/p>\n<p>Le voyage-\u00e9cole permet d&rsquo;acqu\u00e9rir de l&rsquo;exp\u00e9rience au volant. Il permet par exemple d&rsquo;apprendre \u00e0 lire une carte, \u00e0 utiliser un GPS, \u00e0 favoriser l&rsquo;autonomie et \u00e0 apprendre en observant les autres \u00e9l\u00e8ves. Un groupe de trois \u00e9l\u00e8ves conduisent \u00e0 tour de r\u00f4le sur une demi-journ\u00e9e ou une journ\u00e9e.<\/p>\n<p>&nbsp;<\/p>\n<p><u>De l&rsquo;\u00e9coute p\u00e9dagogique vous sera propos\u00e9e.<\/u><\/p>\n<p>Plac\u00e9 \u00e0 l\u2019arri\u00e8re de la voiture, vous observez un \u00e9l\u00e8ve qui conduit et vous \u00e9coutez les explications et les conseils de l&rsquo;enseignant. Vous faites part de vos observations et de vos r\u00e9flexions pendant cette \u00e9coute.<\/p>\n<p>&nbsp;<\/p>\n<p><u>&nbsp;Partie Pratique comprenant :<\/u><\/p>\n<p>&#8211; 13 heures ou 20 heures (selon le permis pass\u00e9) de conduite obligatoire ou plus selon progression comprenant des parcours&nbsp; et des situations de conduite vari\u00e9s &#8211; 1 examen blanc, &#8211; Examen conduite.<\/p>\n<p>&nbsp;<\/p>\n<p><u>Si Conduite Accompagn\u00e9e : <\/u><\/p>\n<p>&#8211; 2 heures de rendez-vous pr\u00e9alable&nbsp; &#8211; 2 rendez-vous p\u00e9dagogiques durant la phase de conduite accompagn\u00e9e<\/p>\n","protected":false},"excerpt":{"rendered":"<p>Vous allez apprendre \u00e0 manipuler une automobile, \u00e0 circuler dans diff\u00e9rentes configurations et \u00e0 en conna\u00eetre les risques et les limites. Cela demande de la motivation et de la pers\u00e9v\u00e9rance.&nbsp; Le parcours de formation qui vous est propos\u00e9 vous permettra de progresser, de conna\u00eetre les r\u00e8gles du code de la route, de devenir un conducteur &#8230; <a title=\"Parcours de formation\" class=\"read-more\" href=\"https:\/\/www.autoscool-clermont.com\/lblum\/index.php\/parcours-de-formation\/\" aria-label=\"En savoir plus sur Parcours de formation\">Lire la suite<\/a><\/p>\n","protected":false},"author":1,"featured_media":0,"parent":0,"menu_order":0,"comment_status":"closed","ping_status":"closed","template":"","meta":{"footnotes":""},"_links":{"self":[{"href":"https:\/\/www.autoscool-clermont.com\/lblum\/index.php\/wp-json\/wp\/v2\/pages\/123"}],"collection":[{"href":"https:\/\/www.autoscool-clermont.com\/lblum\/index.php\/wp-json\/wp\/v2\/pages"}],"about":[{"href":"https:\/\/www.autoscool-clermont.com\/lblum\/index.php\/wp-json\/wp\/v2\/types\/page"}],"author":[{"embeddable":true,"href":"https:\/\/www.autoscool-clermont.com\/lblum\/index.php\/wp-json\/wp\/v2\/users\/1"}],"replies":[{"embeddable":true,"href":"https:\/\/www.autoscool-clermont.com\/lblum\/index.php\/wp-json\/wp\/v2\/comments?post=123"}],"version-history":[{"count":1,"href":"https:\/\/www.autoscool-clermont.com\/lblum\/index.php\/wp-json\/wp\/v2\/pages\/123\/revisions"}],"predecessor-version":[{"id":124,"href":"https:\/\/www.autoscool-clermont.com\/lblum\/index.php\/wp-json\/wp\/v2\/pages\/123\/revisions\/124"}],"wp:attachment":[{"href":"https:\/\/www.autoscool-clermont.com\/lblum\/index.php\/wp-json\/wp\/v2\/media?parent=123"}],"curies":[{"name":"wp","href":"https:\/\/api.w.org\/{rel}","templated":true}]}}