{"id":125,"date":"2020-07-02T15:41:15","date_gmt":"2020-07-02T13:41:15","guid":{"rendered":"http:\/\/www.autoscool-clermont.com\/lblum\/?page_id=125"},"modified":"2020-07-02T15:41:15","modified_gmt":"2020-07-02T13:41:15","slug":"reglement-interieur","status":"publish","type":"page","link":"https:\/\/www.autoscool-clermont.com\/lblum\/index.php\/reglement-interieur\/","title":{"rendered":"R\u00e8glement int\u00e9rieur"},"content":{"rendered":"<p>&nbsp;<\/p>\n<p>Ce r\u00e8glement a pour objet de d\u00e9finir les r\u00e8gles relatives \u00e0 l\u2019hygi\u00e8ne, \u00e0 la s\u00e9curit\u00e9 ainsi qu\u2019\u00e0 la discipline n\u00e9cessaire au bon fonctionnement de l\u2019\u00e9tablissement. Il est applicable par l\u2019ensemble des \u00e9l\u00e8ves.<\/p>\n<p>&nbsp;<\/p>\n<p><strong>Article 1 :<\/strong> L\u2019auto-\u00e9cole AUTO\u2019SCOOL&nbsp; applique les r\u00e8gles d\u2019enseignement selon les lois en vigueur, notamment l\u2019arr\u00eat\u00e9 minist\u00e9riel relatif au r\u00e9f\u00e9rentiel pour l\u2019\u00e9ducation \u00e0 une motricit\u00e9 citoyenne (REMC) en vigueur depuis le 1\/07\/2014.<\/p>\n<p>&nbsp;<\/p>\n<p><strong>Article 2 :<\/strong> Tous les \u00e9l\u00e8ves inscrits dans l\u2019\u00e9tablissement se doivent de respecter les conditions de fonctionnement de l\u2019auto-\u00e9cole sans restriction, \u00e0 savoir :<\/p>\n<ul>\n<li>Respecter le personnel de l\u2019\u00e9tablissement<\/li>\n<li>Respecter le mat\u00e9riel (ne pas mettre les pieds sur les chaises, ne pas se balancer dessus, prendre soin des boitiers, ne pas \u00e9crire sur les murs, chaises, etc.)<\/li>\n<li>Respecter les locaux (propret\u00e9, d\u00e9gradation)<\/li>\n<li>Respecter les autres \u00e9l\u00e8ves sans discrimination aucune<\/li>\n<li>Les \u00e9l\u00e8ves doivent avoir une hygi\u00e8ne, une tenue et un comportement correct et adapt\u00e9 \u00e0 l\u2019apprentissage de la conduite (pas de chaussures ne tenant pas le pied ou \u00e0 forts talons).<\/li>\n<li>Les \u00e9l\u00e8ves sont tenus : de ne pas fumer \u00e0 l\u2019int\u00e9rieur de l\u2019\u00e9tablissement, ni dans les v\u00e9hicules \u00e9coles, ni de consommer ou d\u2019avoir consomm\u00e9 toute boisson ou produit pouvant nuire \u00e0 la conduite d\u2019un v\u00e9hicule (alcool, drogue, m\u00e9dicaments\u2026)<\/li>\n<li>Il est interdit de manger et de boire dans la salle de code et dans les v\u00e9hicules.<\/li>\n<li>Il est interdit d\u2019utiliser le mat\u00e9riel vid\u00e9o sans y avoir \u00e9t\u00e9 invit\u00e9.<\/li>\n<li>Respecter les horaires de code afin de ne pas perturber le bon d\u00e9roulement de la le\u00e7on en cours. (En cas de retard sup\u00e9rieur \u00e0 5 minutes, et afin de ne pas perturber le bon d\u00e9roulement de la s\u00e9ance, il sera possible de ne pas autoriser l\u2019acc\u00e8s \u00e0 la salle de code.)<\/li>\n<li>Il est interdit d\u2019utiliser des appareils sonores (MP3, t\u00e9l\u00e9phone portable, etc.) pendant les s\u00e9ances de code.<\/li>\n<li>Il est demand\u00e9 aux \u00e9l\u00e8ves de ne pas parler pendant les cours.<\/li>\n<\/ul>\n<p>&nbsp;<\/p>\n<p><strong>Article 3 :<\/strong> Tout \u00e9l\u00e8ve dont le comportement, ou autre, laisserait penser qu\u2019il a consomm\u00e9 de l\u2019alcool ou des stup\u00e9fiants seront soumis avant toute le\u00e7on de code ou de conduite \u00e0 un d\u00e9pistage r\u00e9alis\u00e9 par l\u2019enseignant sous la responsabilit\u00e9 du directeur de l\u2019auto-\u00e9cole.&nbsp; En cas de test positif, ou de refus de se soumettre au d\u00e9pistage, la le\u00e7on sera annul\u00e9e et factur\u00e9e.<\/p>\n<p><strong>Article 4 :<\/strong> Toute personne n\u2019ayant pas constitu\u00e9 le dossier d\u2019inscription et r\u00e9gl\u00e9 le 1er versement n\u2019a pas acc\u00e8s \u00e0 la salle de code. Le forfait code est d\u00fb \u00e0 l\u2019inscription et il est consid\u00e9r\u00e9 comme d\u00e9but\u00e9 d\u00e8s l\u2019inscription.<\/p>\n<p><strong>&nbsp;Article 5 :<\/strong> Lors des s\u00e9ances de code, il est demand\u00e9 \u00e0 l\u2019\u00e9l\u00e8ve de rester jusqu\u2019\u00e0 la fin des corrections, m\u00eame si celles-ci, quand elles sont effectu\u00e9es par l\u2019enseignant, d\u00e9bordent un peu des horaires. Ce qui est important c\u2019est d\u2019\u00e9couter et de comprendre les r\u00e9ponses afin d\u2019avoir un maximum de possibilit\u00e9 de r\u00e9ussir, \u00e0 terme, leur examen th\u00e9orique g\u00e9n\u00e9ral.<\/p>\n<p><strong>Article 6 :<\/strong> Il est demand\u00e9 aux \u00e9l\u00e8ves de lire les informations mises \u00e0 leur disposition sur la porte de l\u2019\u00e9tablissement (annulation des s\u00e9ances, fermeture du bureau, etc.).<\/p>\n<p><strong>&nbsp;Article 7 :<\/strong> Apr\u00e8s la r\u00e9ussite de l\u2019examen du code et \u00e0 la premi\u00e8re le\u00e7on de conduite, il sera remis \u00e0 l\u2019\u00e9l\u00e8ve son livret d\u2019apprentissage. Il faudra en prendre le plus grand soin car la pr\u00e9sence de celui-ci est obligatoire. En cas de non pr\u00e9sentation du livret aux forces de l\u2019ordre, les cons\u00e9quences \u00e9ventuelles seront imputables \u00e0 l\u2019\u00e9l\u00e8ve.<\/p>\n<p><strong>&nbsp;Article 8 :<\/strong> En g\u00e9n\u00e9ral, une le\u00e7on de conduite se d\u00e9compose comme ceci : 5 minutes sont requises pour l\u2019installation au poste de conduite et pour d\u00e9terminer l\u2019objectif de travail \/ 45 \u00e0 50 minutes de conduite effective \/ 5 minutes pour faire le bilan de la le\u00e7on, tenir \u00e0 jour le suivi de la formation de l\u2019\u00e9l\u00e8ve au bureau. Ce d\u00e9roulement peut varier en fonction d\u2019\u00e9l\u00e9ment ext\u00e9rieur (bouchon ou autres) et\/ou des choix p\u00e9dagogiques de l\u2019enseignant de la conduite.&nbsp;&nbsp; Article 9 : Aucune pr\u00e9sentation \u00e0 l\u2019examen pratique ne sera faite si le solde du compte n\u2019est pas r\u00e9gl\u00e9 avant la date de l\u2019examen.<\/p>\n<p><strong>&nbsp;Article 10 :<\/strong> Le responsable de l\u2019\u00e9tablissement peut d\u00e9cider d\u2019exclure un \u00e9l\u00e8ve \u00e0 tout moment du cursus de formation de l\u2019auto-\u00e9cole pour un des motifs suivant :<\/p>\n<ul>\n<li>Non-paiement<\/li>\n<li>Attitude emp\u00eachant la r\u00e9alisation du travail de formation<\/li>\n<li>\u00c9valuation par le responsable p\u00e9dagogique de l\u2019inaptitude de l\u2019\u00e9l\u00e8ve pour la formation concern\u00e9e.<\/li>\n<li>Non-respect du pr\u00e9sent r\u00e8glement int\u00e9rieur.<\/li>\n<\/ul>\n","protected":false},"excerpt":{"rendered":"<p>&nbsp; Ce r\u00e8glement a pour objet de d\u00e9finir les r\u00e8gles relatives \u00e0 l\u2019hygi\u00e8ne, \u00e0 la s\u00e9curit\u00e9 ainsi qu\u2019\u00e0 la discipline n\u00e9cessaire au bon fonctionnement de l\u2019\u00e9tablissement. Il est applicable par l\u2019ensemble des \u00e9l\u00e8ves. &nbsp; Article 1 : L\u2019auto-\u00e9cole AUTO\u2019SCOOL&nbsp; applique les r\u00e8gles d\u2019enseignement selon les lois en vigueur, notamment l\u2019arr\u00eat\u00e9 minist\u00e9riel relatif au r\u00e9f\u00e9rentiel pour &#8230; <a title=\"R\u00e8glement int\u00e9rieur\" class=\"read-more\" href=\"https:\/\/www.autoscool-clermont.com\/lblum\/index.php\/reglement-interieur\/\" aria-label=\"En savoir plus sur R\u00e8glement int\u00e9rieur\">Lire la suite<\/a><\/p>\n","protected":false},"author":1,"featured_media":0,"parent":0,"menu_order":0,"comment_status":"closed","ping_status":"closed","template":"","meta":{"footnotes":""},"_links":{"self":[{"href":"https:\/\/www.autoscool-clermont.com\/lblum\/index.php\/wp-json\/wp\/v2\/pages\/125"}],"collection":[{"href":"https:\/\/www.autoscool-clermont.com\/lblum\/index.php\/wp-json\/wp\/v2\/pages"}],"about":[{"href":"https:\/\/www.autoscool-clermont.com\/lblum\/index.php\/wp-json\/wp\/v2\/types\/page"}],"author":[{"embeddable":true,"href":"https:\/\/www.autoscool-clermont.com\/lblum\/index.php\/wp-json\/wp\/v2\/users\/1"}],"replies":[{"embeddable":true,"href":"https:\/\/www.autoscool-clermont.com\/lblum\/index.php\/wp-json\/wp\/v2\/comments?post=125"}],"version-history":[{"count":1,"href":"https:\/\/www.autoscool-clermont.com\/lblum\/index.php\/wp-json\/wp\/v2\/pages\/125\/revisions"}],"predecessor-version":[{"id":126,"href":"https:\/\/www.autoscool-clermont.com\/lblum\/index.php\/wp-json\/wp\/v2\/pages\/125\/revisions\/126"}],"wp:attachment":[{"href":"https:\/\/www.autoscool-clermont.com\/lblum\/index.php\/wp-json\/wp\/v2\/media?parent=125"}],"curies":[{"name":"wp","href":"https:\/\/api.w.org\/{rel}","templated":true}]}}