{"id":129,"date":"2020-07-02T15:42:24","date_gmt":"2020-07-02T13:42:24","guid":{"rendered":"http:\/\/www.autoscool-clermont.com\/lblum\/?page_id=129"},"modified":"2024-01-02T15:12:12","modified_gmt":"2024-01-02T14:12:12","slug":"examens-du-permis","status":"publish","type":"page","link":"https:\/\/www.autoscool-clermont.com\/lblum\/index.php\/examens-du-permis\/","title":{"rendered":"Examens du permis"},"content":{"rendered":"<p><span style=\"color: #ff6600;\"><strong><a href=\"http:\/\/www.autoscool-clermont.com\/wp-content\/uploads\/2011\/05\/16607-SkunkButt-Brain.png\"><img loading=\"lazy\" decoding=\"async\" class=\"size-full wp-image-304 alignleft\" title=\"16607-SkunkButt-Brain\" src=\"http:\/\/www.autoscool-clermont.com\/wp-content\/uploads\/2011\/05\/16607-SkunkButt-Brain.png\" alt=\"\" width=\"96\" height=\"96\" \/><\/a>L\u2019\u00e9preuve th\u00e9orique g\u00e9n\u00e9rale du code de la route<\/strong><\/span><br \/>\nL\u2019\u00e9preuve th\u00e9orique g\u00e9n\u00e9rale (le code) sanctionne les connaissances portant sur la <strong>r\u00e9glementation du code de la route<\/strong>.<br \/>\nVous en \u00eates dispens\u00e9 si vous \u00eates titulaire depuis moins de 5 ans d\u2019un autre permis comprenant une \u00e9preuve th\u00e9orique et pratique (par exemple le permis B).<\/p>\n<p><span style=\"color: #ff6600;\"><strong><a href=\"http:\/\/www.autoscool-clermont.com\/wp-content\/uploads\/2011\/05\/slide.jpg\"><img loading=\"lazy\" decoding=\"async\" class=\"alignleft size-full wp-image-313\" title=\"slide\" src=\"http:\/\/www.autoscool-clermont.com\/wp-content\/uploads\/2011\/05\/slide.jpg\" alt=\"\" width=\"325\" height=\"165\" \/><\/a>L\u2019\u00e9preuve pratique du permis de conduire de cat\u00e9gorie B (auto)<\/strong><\/span><br \/>\nLorsque le<strong> r\u00e9sultat de l\u2019\u00e9preuve est d\u00e9favorable<\/strong>, il dresse un bilan pr\u00e9cis de la prestation. Les situations dans lesquelles les erreurs s\u00e9rieuses ou graves ont \u00e9t\u00e9 relev\u00e9es sont transcrites sous forme codifi\u00e9e.<\/p>\n<p><span style=\"color: #ff6600;\"><strong>Si le r\u00e9sultat de votre examen est favorable, ce document sera t\u00e9l\u00e9chargeable \u00e0 cette adresse: <a href=\"https:\/\/candidat.permisdeconduire.gouv.fr\/\" target=\"_blank\" rel=\"noopener\">https:\/\/candidat.permisdeconduire.gouv.fr\/<\/a><\/strong><\/span><br \/>\nCe document constitue votre titre de conduite <strong>valable\u00a04 mois<\/strong> (en attendant la d\u00e9livrance du permis de conduire d\u00e9finitif).<\/p>\n<p><span style=\"color: #ff9900;\"><em>Attention, ce titre provisoire ne permet pas de conduire \u00e0 l\u2019\u00e9tranger.<\/em><\/span><\/p>\n<p>L\u2019\u00e9preuve pratique a pour but de v\u00e9rifier que votre formation est bien termin\u00e9e, et que vous avez acquis le minimum d\u2019exp\u00e9rience n\u00e9cessaire pour conduire seul sans mettre en danger votre s\u00e9curit\u00e9 et celle des autres.<br \/>\nL\u2019\u00e2ge requis pour passer l\u2019\u00e9preuve pratique est de 17 ans.<\/p>\n<p>Un d\u00e9lai de\u00a07 jours minimum est requis entre la r\u00e9ussite \u00e0 l\u2019\u00e9preuve du code et la pr\u00e9sentation \u00e0 cette \u00e9preuve. En accord avec votre formateur de conduite, vous effectuerez un compl\u00e9ment de formation afin de vous repr\u00e9senter \u00e0 l&rsquo;examen.<\/p>\n<p><strong>La dur\u00e9e totale de l\u2019\u00e9preuve dure environ 32 minutes<\/strong>. Cette \u00e9preuve comprend : une <strong>conduite effective dans diverses situations<\/strong> en agglom\u00e9ration et \u00e0 allure soutenue sur route et\/ou autoroute, la r\u00e9alisation de <strong>deux man\u0153uvres diff\u00e9rentes<\/strong>, dont une au moins en <strong>marche arri\u00e8re<\/strong>, des v\u00e9rifications portant notamment sur un \u00e9l\u00e9ment technique \u00e0 l\u2019int\u00e9rieur et \u00e0 l\u2019ext\u00e9rieur du v\u00e9hicule en relation avec la s\u00e9curit\u00e9 routi\u00e8re.<\/p>\n<p>Votre prestation est \u00e9valu\u00e9e par un inspecteur du permis de conduire et de la s\u00e9curit\u00e9 routi\u00e8re. C\u2019est un expert dont l\u2019avis s\u2019appuie sur des directives et des instructions pr\u00e9cises. Le document (certificat d\u2019examen du permis de conduire) dont il se sert le jour de l\u2019examen lui permet d\u2019\u00e9valuer vos comp\u00e9tences.<\/p>\n<p><span style=\"color: #ff6600;\"><strong>Si vous \u00e9chouez :<\/strong><\/span><br \/>\nSachez que la d\u00e9cision d\u2019ajournement prononc\u00e9e est dict\u00e9e par la constatation d\u2019insuffisances pouvant mettre en cause votre s\u00e9curit\u00e9 ou celle des autres.<br \/>\nLe document envoy\u00e9 \u00e0 votre domicile constitue <strong>votre base de travail lors de vos prochaines le\u00e7ons<\/strong> en vue du futur examen : <strong>tirez-en tout le b\u00e9n\u00e9fice<\/strong>.<\/p>\n<h3><em><span style=\"color: #ff6600;\"><strong>Si vous r\u00e9ussissez : Bravo !<\/strong><\/span><\/em><\/h3>\n<p><strong><span style=\"color: #ff6600;\"><a href=\"http:\/\/www.autoscool-clermont.com\/wp-content\/uploads\/2011\/05\/autoscool5.jpg\"><img loading=\"lazy\" decoding=\"async\" class=\"alignleft size-full wp-image-316\" title=\"autoscool5\" src=\"http:\/\/www.autoscool-clermont.com\/wp-content\/uploads\/2011\/05\/autoscool5.jpg\" alt=\"\" width=\"90\" height=\"128\" \/><\/a>Permis de conduire<\/span><\/strong><br \/>\nLe document\u00a0t\u00e9l\u00e9charg\u00e9 comportant la mention FAVORABLE constitue votre titre de conduite valable\u00a04 mois. Vous pouvez l&rsquo;imprimer ou le stocker sur votre smartphone. En cas de contr\u00f4le des forces de l&rsquo;ordre, vous pouvez simplement pr\u00e9senter la version num\u00e9rique.<\/p>\n<p>Pour obtenir le permis d\u00e9finitif, rapprochez vous de votre \u00e9tablissement d&rsquo;enseignement afin de r\u00e9aliser votre permis d\u00e9finitif.<\/p>\n","protected":false},"excerpt":{"rendered":"<p>L\u2019\u00e9preuve th\u00e9orique g\u00e9n\u00e9rale du code de la route L\u2019\u00e9preuve th\u00e9orique g\u00e9n\u00e9rale (le code) sanctionne les connaissances portant sur la r\u00e9glementation du code de la route. Vous en \u00eates dispens\u00e9 si vous \u00eates titulaire depuis moins de 5 ans d\u2019un autre permis comprenant une \u00e9preuve th\u00e9orique et pratique (par exemple le permis B). L\u2019\u00e9preuve pratique du &#8230; <a title=\"Examens du permis\" class=\"read-more\" href=\"https:\/\/www.autoscool-clermont.com\/lblum\/index.php\/examens-du-permis\/\" aria-label=\"En savoir plus sur Examens du permis\">Lire la suite<\/a><\/p>\n","protected":false},"author":1,"featured_media":0,"parent":0,"menu_order":0,"comment_status":"closed","ping_status":"closed","template":"","meta":{"footnotes":""},"_links":{"self":[{"href":"https:\/\/www.autoscool-clermont.com\/lblum\/index.php\/wp-json\/wp\/v2\/pages\/129"}],"collection":[{"href":"https:\/\/www.autoscool-clermont.com\/lblum\/index.php\/wp-json\/wp\/v2\/pages"}],"about":[{"href":"https:\/\/www.autoscool-clermont.com\/lblum\/index.php\/wp-json\/wp\/v2\/types\/page"}],"author":[{"embeddable":true,"href":"https:\/\/www.autoscool-clermont.com\/lblum\/index.php\/wp-json\/wp\/v2\/users\/1"}],"replies":[{"embeddable":true,"href":"https:\/\/www.autoscool-clermont.com\/lblum\/index.php\/wp-json\/wp\/v2\/comments?post=129"}],"version-history":[{"count":2,"href":"https:\/\/www.autoscool-clermont.com\/lblum\/index.php\/wp-json\/wp\/v2\/pages\/129\/revisions"}],"predecessor-version":[{"id":314,"href":"https:\/\/www.autoscool-clermont.com\/lblum\/index.php\/wp-json\/wp\/v2\/pages\/129\/revisions\/314"}],"wp:attachment":[{"href":"https:\/\/www.autoscool-clermont.com\/lblum\/index.php\/wp-json\/wp\/v2\/media?parent=129"}],"curies":[{"name":"wp","href":"https:\/\/api.w.org\/{rel}","templated":true}]}}