{"id":131,"date":"2020-07-02T15:42:56","date_gmt":"2020-07-02T13:42:56","guid":{"rendered":"http:\/\/www.autoscool-clermont.com\/lblum\/?page_id=131"},"modified":"2022-11-17T16:14:06","modified_gmt":"2022-11-17T15:14:06","slug":"inscription","status":"publish","type":"page","link":"https:\/\/www.autoscool-clermont.com\/lblum\/index.php\/inscription\/","title":{"rendered":"Inscription"},"content":{"rendered":"<h2><span style=\"color: #ff6600;\"><strong>1\u00b0 il faut renseigner et \u00e9tablir le dossier administrati<\/strong>f <\/span><\/h2>\n<h2><strong><span style=\"color: #ff9900;\"> Listes des pi\u00e8ces \u00e0 fournir pour tous les candidats<\/span><\/strong><\/h2>\n<ul>\n<li style=\"list-style-type: none;\">\n<ul>\n<li>1 Photo num\u00e9rique<\/li>\n<li>Le scan <strong>recto verso<\/strong> de la carte d\u2019identit\u00e9 ou du passeport<\/li>\n<li>Le scan recto verso du permis de conduire <strong>(le cas \u00e9ch\u00e9ant)<\/strong><\/li>\n<li>Le scan de l\u2019attestation de participation \u00e0 la journ\u00e9e de pr\u00e9paration \u00e0 la d\u00e9fense (<strong>JAPD)<\/strong>.<\/li>\n<li>Un justificatif de domicile de moins de 6 mois (Facture d&rsquo;eau, \u00e9lectricit\u00e9, t\u00e9l\u00e9phone portable&#8230; )<\/li>\n<li>Un scan de l&rsquo;ASSR 2<\/li>\n<\/ul>\n<\/li>\n<\/ul>\n<h3><strong><span style=\"color: #ff9900;\">Liste des pi\u00e8ces \u00e0 rajouter pour les candidats mineurs<\/span><\/strong><\/h3>\n<ul>\n<li style=\"list-style-type: none;\">\n<ul>\n<li>L\u2019attestation en attente de convocation \u00e0 la JAPD (entre 16 et 18 ans)<br \/>\n(\u00e0 demander \u00e0 cette adresse : <a href=\"http:\/\/www.defense.gouv.fr\/jdc\/contact-jdc\/(recipient)\/94591\">http:\/\/www.defense.gouv.fr\/jdc\/contact-jdc\/(recipient)\/94591<\/a>)<\/li>\n<\/ul>\n<\/li>\n<\/ul>\n<h2><strong><span style=\"color: #ff6600;\">2\u00b0 il faut <\/span><\/strong><strong><span style=\"color: #ff6600;\">proc\u00e9der \u00e0 l\u2019\u00e9valuation de d\u00e9part et <\/span><\/strong><strong><span style=\"color: #ff6600;\">\u00e9tablir le contrat<\/span><\/strong><\/h2>\n<p>Conform\u00e9ment \u00e0 la r\u00e9glementation en vigueur (Arr\u00eat\u00e9 du 14 d\u00e9cembre 1990, article 5 et Arr\u00eat\u00e9 du 5 mars 1991, article 9), l&rsquo;\u00e9cole de conduite proc\u00e8de \u00e0 une \u00e9valuation du niveau de l&rsquo;\u00e9l\u00e8ve avant l&rsquo;entr\u00e9e en formation.<br \/>\nCette \u00e9valuation permet de donner une estimation du nombre d&rsquo;heures minimales n\u00e9cessaires \u00e0 la formation pratique<em> (20 heures minimum en boite manuelle, 13h en boite automatique).<br \/>\n<\/em>\u00a0elle est factur\u00e9e au tarif en vigueur.<\/p>\n<h2><span style=\"color: #ff6600;\"><strong>3\u00b0 il faut finaliser le contrat de formation en relation avec l\u2019\u00e9valuation<\/strong><\/span><\/h2>\n<p>Le contrat prend effet une fois cette \u00e9valuation pr\u00e9alable effectu\u00e9e, sachant que le volume de formation pr\u00e9vu est susceptible d&rsquo;\u00eatre r\u00e9vis\u00e9 par la suite, d&rsquo;un commun accord entre les parties.<br \/>\nLe contrat est \u00e9tabli en 2 exemplaires pour une dur\u00e9e maximale de un an \u00e0 compte de la date de signature. Pass\u00e9e cette \u00e9ch\u00e9ance, le contrat doit \u00eatre ren\u00e9goci\u00e9.<\/p>\n","protected":false},"excerpt":{"rendered":"<p>1\u00b0 il faut renseigner et \u00e9tablir le dossier administratif Listes des pi\u00e8ces \u00e0 fournir pour tous les candidats 1 Photo num\u00e9rique Le scan recto verso de la carte d\u2019identit\u00e9 ou du passeport Le scan recto verso du permis de conduire (le cas \u00e9ch\u00e9ant) Le scan de l\u2019attestation de participation \u00e0 la journ\u00e9e de pr\u00e9paration \u00e0 &#8230; <a title=\"Inscription\" class=\"read-more\" href=\"https:\/\/www.autoscool-clermont.com\/lblum\/index.php\/inscription\/\" aria-label=\"En savoir plus sur Inscription\">Lire la suite<\/a><\/p>\n","protected":false},"author":1,"featured_media":0,"parent":0,"menu_order":0,"comment_status":"closed","ping_status":"closed","template":"","meta":{"footnotes":""},"_links":{"self":[{"href":"https:\/\/www.autoscool-clermont.com\/lblum\/index.php\/wp-json\/wp\/v2\/pages\/131"}],"collection":[{"href":"https:\/\/www.autoscool-clermont.com\/lblum\/index.php\/wp-json\/wp\/v2\/pages"}],"about":[{"href":"https:\/\/www.autoscool-clermont.com\/lblum\/index.php\/wp-json\/wp\/v2\/types\/page"}],"author":[{"embeddable":true,"href":"https:\/\/www.autoscool-clermont.com\/lblum\/index.php\/wp-json\/wp\/v2\/users\/1"}],"replies":[{"embeddable":true,"href":"https:\/\/www.autoscool-clermont.com\/lblum\/index.php\/wp-json\/wp\/v2\/comments?post=131"}],"version-history":[{"count":2,"href":"https:\/\/www.autoscool-clermont.com\/lblum\/index.php\/wp-json\/wp\/v2\/pages\/131\/revisions"}],"predecessor-version":[{"id":294,"href":"https:\/\/www.autoscool-clermont.com\/lblum\/index.php\/wp-json\/wp\/v2\/pages\/131\/revisions\/294"}],"wp:attachment":[{"href":"https:\/\/www.autoscool-clermont.com\/lblum\/index.php\/wp-json\/wp\/v2\/media?parent=131"}],"curies":[{"name":"wp","href":"https:\/\/api.w.org\/{rel}","templated":true}]}}