{"id":133,"date":"2020-07-02T15:43:24","date_gmt":"2020-07-02T13:43:24","guid":{"rendered":"http:\/\/www.autoscool-clermont.com\/lblum\/?page_id=133"},"modified":"2020-07-02T15:43:24","modified_gmt":"2020-07-02T13:43:24","slug":"le-permis-a-1e-jour","status":"publish","type":"page","link":"https:\/\/www.autoscool-clermont.com\/lblum\/index.php\/le-permis-a-1e-jour\/","title":{"rendered":"Le permis \u00e0 1\u20ac\/jour"},"content":{"rendered":"<h2><\/h2>\n<h3><span style=\"color: #ff6600;\"><strong>Qu&rsquo;est-ce que c&rsquo;est ?<\/strong><\/span><\/h3>\n<p><span style=\"color: #000000;\">C&rsquo;est un pr\u00eat dont les int\u00e9r\u00eats sont pris en charge par l&rsquo;\u00c9tat.<\/span><\/p>\n<p><span style=\"color: #000000;\">Le \u00ab\u00a0permis \u00e0 un euro par jour\u00a0\u00bb a \u00e9t\u00e9 mis en place par l&rsquo;\u00c9tat, en partenariat avec les \u00e9tablissements pr\u00eateurs et les \u00e9coles de conduite pour aider les jeunes de 15 \u00e0 25 ans r\u00e9volus \u00e0 financer leurs pr\u00e9parations au permis de conduire. Il permet aux jeunes de b\u00e9n\u00e9ficier d&rsquo;une facilit\u00e9 de paiement : le co\u00fbt total de la formation au permis ne change pas mais l&rsquo;\u00e9tablissement financier avance l&rsquo;argent et l&rsquo;\u00c9tat paie les int\u00e9r\u00eats.<\/span><\/p>\n<p><span style=\"color: #000000;\">Un cr\u00e9dit vous engage et doit \u00eatre rembours\u00e9. V\u00e9rifiez vos capacit\u00e9s de remboursement avant de vous engager.<\/span><\/p>\n<h3><span style=\"color: #ff6600;\"><strong>Pourquoi ?<\/strong><\/span><\/h3>\n<p><span style=\"color: #000000;\"> Le \u00ab\u00a0permis \u00e0 un euro par jour\u00a0\u00bb permet de r\u00e9pondre \u00e0 deux objectifs principaux :<\/span><\/p>\n<p><span style=\"color: #000000;\">faciliter l&rsquo;acc\u00e8s au permis de conduire, dont le co\u00fbt peut repr\u00e9senter un frein et un obstacle fort \u00e0 l&rsquo;obtention d&rsquo;un emploi ;<\/span><br \/>\n<span style=\"color: #000000;\"> continuer \u00e0 am\u00e9liorer la qualit\u00e9 g\u00e9n\u00e9rale de la formation, gr\u00e2ce \u00e0 un partenariat avec les \u00e9coles de conduite fond\u00e9 sur leur engagement dans une d\u00e9marche de qualit\u00e9.<\/span><br \/>\n<span style=\"color: #000000;\"> Pour quelles cat\u00e9gories de permis ?<\/span><br \/>\n<span style=\"color: #000000;\"> L&rsquo;op\u00e9ration \u00ab\u00a0permis \u00e0 un euro par jour\u00a0\u00bb facilite l&rsquo;acc\u00e8s \u00e0 une premi\u00e8re inscription \u00e0 une formation \u00e0 la conduite de v\u00e9hicules soit de la cat\u00e9gorie B (v\u00e9hicules l\u00e9gers) soit, depuis le 3 octobre 2006, de la cat\u00e9gorie A (motocyclette de plus de 125 cm3).<\/span><\/p>\n<p><span style=\"color: #000000;\">Le permis de la sous-cat\u00e9gorie A1 (motocyclette l\u00e9g\u00e8re) n&rsquo;est pas concern\u00e9 par l&rsquo;op\u00e9ration.<\/span><\/p>\n<h3><span style=\"color: #ff6600;\"><strong>Qui peut en b\u00e9n\u00e9ficier ?<\/strong><\/span><\/h3>\n<p><span style=\"color: #000000;\">&nbsp;Tous les jeunes qui ont entre 15 et 25 ans r\u00e9volus \u00e0 la date de signature d&rsquo;un contrat de formation dans une \u00e9cole de conduite partenaire, quelle que soit leur situation, sous r\u00e9serve que l\u2019\u00e9tablissement financier accepte le dossier du candidat.<\/span><br \/>\n<span style=\"color: #000000;\"> Les jeunes b\u00e9n\u00e9ficiaires d\u2019une aide publique, qu&rsquo;elle \u00e9mane d\u2019une collectivit\u00e9 locale ou de l&rsquo;\u00c9tat, peuvent \u00e9galement demander \u00e0 b\u00e9n\u00e9ficier du pr\u00eat.<\/span><\/p>\n<h3><span style=\"color: #ff6600;\"><strong> Comment en b\u00e9n\u00e9ficier ?<\/strong><\/span><\/h3>\n<p><span style=\"color: #000000;\"> Le candidat majeur doit directement contracter le pr\u00eat avec l\u2019\u00e9tablissement financier. Pour cela, trois possibilit\u00e9s s&rsquo;offrent \u00e0 lui selon ses capacit\u00e9s financi\u00e8res et les discussions engag\u00e9es avec l&rsquo;organisme pr\u00eateur :<\/span><\/p>\n<p><span style=\"color: #000000;\">soit il fournit un justificatif de revenus avec des revenus suffisants pour rembourser les 30 \u20ac par mois ;<\/span><br \/>\n<span style=\"color: #000000;\"> soit il garantit le remboursement de son pr\u00eat par l\u2019apport d\u2019une caution ;<\/span><br \/>\n<span style=\"color: #000000;\"> soit il s&rsquo;inscrit dans le cadre d&rsquo;un co-emprunt avec ses parents (c&rsquo;est-\u00e0-dire que le jeune et ses parents empruntent ensemble) afin d&rsquo;augmenter les chances d&rsquo;avoir une r\u00e9ponse positive de l&rsquo;\u00e9tablissement de cr\u00e9dit.<\/span><br \/>\n<span style=\"color: #000000;\"> Si le candidat est mineur (dans le cadre de l&rsquo;apprentissage anticip\u00e9 de la conduite), ce sont les parents qui empruntent pour le compte du jeune candidat.<\/span><\/p>\n<h3><span style=\"color: #ff6600;\"><strong>Prise en charge publique du cautionnement du pr\u00eat<\/strong><\/span><\/h3>\n<p><span style=\"color: #000000;\"> Certains jeunes ne peuvent pas b\u00e9n\u00e9ficier d\u2019un pr\u00eat permis \u00e0 un euro par jour car ils ne sont pas en mesure de fournir une caution parentale ou celle d\u2019un tiers demand\u00e9e par les \u00e9tablissements de cr\u00e9dit.<\/span><\/p>\n<p><span style=\"color: #000000;\">Aussi, le Comit\u00e9 interminist\u00e9riel de la s\u00e9curit\u00e9 routi\u00e8re du 13 janvier 2009 a d\u00e9cid\u00e9 d\u2019assurer la prise en charge publique du cautionnement du pr\u00eat permis \u00e0 un euro par jour pour les jeunes exclus de ce pr\u00eat faute de caution et inscrits dans une d\u00e9marche de formation ou d\u2019acc\u00e8s \u00e0 l\u2019emploi.<\/span><br \/>\n<span style=\"color: #000000;\"> Ces derniers devront se pr\u00e9senter \u00e0 l\u2019\u00e9tablissement de cr\u00e9dit partenaire du dispositif du permis \u00e0 un euro par jour munis d\u2019une attestation d\u2019\u00e9ligibilit\u00e9 \u00e0 la caution publique \u00e9tablie par un des r\u00e9seaux accompagnant \u00e9galement partenaire.<\/span><br \/>\n<span style=\"color: #000000;\"> Toutefois, la d\u00e9cision d\u2019accorder le pr\u00eat revient \u00e0 l\u2019\u00e9tablissement de cr\u00e9dit \u00e0 l\u2019issue d\u2019une \u00e9tude des pi\u00e8ces constitutives du dossier de demande de pr\u00eat.<\/span><\/p>\n<p><span style=\"color: #000000;\">Source: http:\/\/www.securite-routiere.gouv.fr\/connaitre-les-regles\/permis-de-conduire\/le-permis-a-1-euro-par-jour\/informations<\/span><\/p>\n<p>&nbsp;<\/p>\n","protected":false},"excerpt":{"rendered":"<p>Qu&rsquo;est-ce que c&rsquo;est ? C&rsquo;est un pr\u00eat dont les int\u00e9r\u00eats sont pris en charge par l&rsquo;\u00c9tat. Le \u00ab\u00a0permis \u00e0 un euro par jour\u00a0\u00bb a \u00e9t\u00e9 mis en place par l&rsquo;\u00c9tat, en partenariat avec les \u00e9tablissements pr\u00eateurs et les \u00e9coles de conduite pour aider les jeunes de 15 \u00e0 25 ans r\u00e9volus \u00e0 financer leurs pr\u00e9parations &#8230; <a title=\"Le permis \u00e0 1\u20ac\/jour\" class=\"read-more\" href=\"https:\/\/www.autoscool-clermont.com\/lblum\/index.php\/le-permis-a-1e-jour\/\" aria-label=\"En savoir plus sur Le permis \u00e0 1\u20ac\/jour\">Lire la suite<\/a><\/p>\n","protected":false},"author":1,"featured_media":0,"parent":0,"menu_order":0,"comment_status":"closed","ping_status":"closed","template":"","meta":{"footnotes":""},"_links":{"self":[{"href":"https:\/\/www.autoscool-clermont.com\/lblum\/index.php\/wp-json\/wp\/v2\/pages\/133"}],"collection":[{"href":"https:\/\/www.autoscool-clermont.com\/lblum\/index.php\/wp-json\/wp\/v2\/pages"}],"about":[{"href":"https:\/\/www.autoscool-clermont.com\/lblum\/index.php\/wp-json\/wp\/v2\/types\/page"}],"author":[{"embeddable":true,"href":"https:\/\/www.autoscool-clermont.com\/lblum\/index.php\/wp-json\/wp\/v2\/users\/1"}],"replies":[{"embeddable":true,"href":"https:\/\/www.autoscool-clermont.com\/lblum\/index.php\/wp-json\/wp\/v2\/comments?post=133"}],"version-history":[{"count":1,"href":"https:\/\/www.autoscool-clermont.com\/lblum\/index.php\/wp-json\/wp\/v2\/pages\/133\/revisions"}],"predecessor-version":[{"id":134,"href":"https:\/\/www.autoscool-clermont.com\/lblum\/index.php\/wp-json\/wp\/v2\/pages\/133\/revisions\/134"}],"wp:attachment":[{"href":"https:\/\/www.autoscool-clermont.com\/lblum\/index.php\/wp-json\/wp\/v2\/media?parent=133"}],"curies":[{"name":"wp","href":"https:\/\/api.w.org\/{rel}","templated":true}]}}