{"id":204,"date":"2021-01-24T12:26:18","date_gmt":"2021-01-24T11:26:18","guid":{"rendered":"http:\/\/www.autoscool-clermont.com\/lblum\/?page_id=204"},"modified":"2021-01-24T20:02:10","modified_gmt":"2021-01-24T19:02:10","slug":"permis-a1-20h","status":"publish","type":"page","link":"https:\/\/www.autoscool-clermont.com\/lblum\/index.php\/permis-a1-20h\/","title":{"rendered":"Permis A1 (20h)"},"content":{"rendered":"\n<p><span style=\"color: #ff0000;\"><strong style=\"font-size: 1.4em;\">Pour qui ?<\/strong><\/span><\/p>\n\n\n\n<p>Pour passer le permis A1 (permis 125), vous devez \u00eatre \u00e2g\u00e9 d&rsquo;au moins 16 ans.<\/p>\n\n\n\n<p><span style=\"color: #ff0000;\"><strong style=\"font-size: 1.4em;\">D\u00e9roulement de la formation<\/strong><\/span><\/p>\n\n\n\n<p>Le permis A1 permet de conduire les v\u00e9hicules suivants :<\/p>\n\n\n\n<ul><li>Moto l\u00e9g\u00e8re (avec ou sans side-car) d&rsquo;une cylindr\u00e9e maximale de 125 cm\u00b3, d&rsquo;une puissance n&rsquo;exc\u00e9dant pas 11&nbsp;<abbr title=\"\">kW<\/abbr>et dont le rapport puissance\/poids ne d\u00e9passe pas 0,1&nbsp;<abbr title=\"\">kW<\/abbr>\/kg<\/li><li>3 roues d&rsquo;une puissance maximale de 15&nbsp;<abbr title=\"\">kW<\/abbr><\/li><\/ul>\n\n\n\n<p>Le permis A1 n\u00e9cessite l&rsquo;obtention du code sp\u00e9cifique motocyclette, une formation de 20h \u00e0 la pratique du 2 roues, ainsi qu&rsquo;un examen pratique comprenant une \u00e9preuve hors circulation et une \u00e9preuve en circulation.<\/p>\n\n\n<p><!--EndFragment--><\/p>\n<p><\/p>","protected":false},"excerpt":{"rendered":"<p>Pour qui ? Pour passer le permis A1 (permis 125), vous devez \u00eatre \u00e2g\u00e9 d&rsquo;au moins 16 ans. D\u00e9roulement de la formation Le permis A1 permet de conduire les v\u00e9hicules suivants : Moto l\u00e9g\u00e8re (avec ou sans side-car) d&rsquo;une cylindr\u00e9e maximale de 125 cm\u00b3, d&rsquo;une puissance n&rsquo;exc\u00e9dant pas 11&nbsp;kWet dont le rapport puissance\/poids ne d\u00e9passe &#8230; <a title=\"Permis A1 (20h)\" class=\"read-more\" href=\"https:\/\/www.autoscool-clermont.com\/lblum\/index.php\/permis-a1-20h\/\" aria-label=\"En savoir plus sur Permis A1 (20h)\">Lire la suite<\/a><\/p>\n","protected":false},"author":1,"featured_media":0,"parent":0,"menu_order":0,"comment_status":"closed","ping_status":"closed","template":"","meta":{"footnotes":""},"_links":{"self":[{"href":"https:\/\/www.autoscool-clermont.com\/lblum\/index.php\/wp-json\/wp\/v2\/pages\/204"}],"collection":[{"href":"https:\/\/www.autoscool-clermont.com\/lblum\/index.php\/wp-json\/wp\/v2\/pages"}],"about":[{"href":"https:\/\/www.autoscool-clermont.com\/lblum\/index.php\/wp-json\/wp\/v2\/types\/page"}],"author":[{"embeddable":true,"href":"https:\/\/www.autoscool-clermont.com\/lblum\/index.php\/wp-json\/wp\/v2\/users\/1"}],"replies":[{"embeddable":true,"href":"https:\/\/www.autoscool-clermont.com\/lblum\/index.php\/wp-json\/wp\/v2\/comments?post=204"}],"version-history":[{"count":3,"href":"https:\/\/www.autoscool-clermont.com\/lblum\/index.php\/wp-json\/wp\/v2\/pages\/204\/revisions"}],"predecessor-version":[{"id":244,"href":"https:\/\/www.autoscool-clermont.com\/lblum\/index.php\/wp-json\/wp\/v2\/pages\/204\/revisions\/244"}],"wp:attachment":[{"href":"https:\/\/www.autoscool-clermont.com\/lblum\/index.php\/wp-json\/wp\/v2\/media?parent=204"}],"curies":[{"name":"wp","href":"https:\/\/api.w.org\/{rel}","templated":true}]}}