{"id":206,"date":"2021-01-24T12:26:30","date_gmt":"2021-01-24T11:26:30","guid":{"rendered":"http:\/\/www.autoscool-clermont.com\/lblum\/?page_id=206"},"modified":"2021-01-24T19:46:13","modified_gmt":"2021-01-24T18:46:13","slug":"permis-a2-20h","status":"publish","type":"page","link":"https:\/\/www.autoscool-clermont.com\/lblum\/index.php\/permis-a2-20h\/","title":{"rendered":"Permis A2 (20h)"},"content":{"rendered":"\n<p><span style=\"color: #ff0000;\"><strong style=\"font-size: 1.4em;\">Pour qui ?<\/strong><\/span><\/p>\n\n\n\n<p>Pour passer le permis A2 en 20h, vous devez \u00eatre \u00e2g\u00e9 d&rsquo;au moins 18 ans, et ne pas avoir le permis A1.<\/p>\n\n\n\n<p>Le permis A2 permet de conduire une motocyclette avec ou sans side-car d\u2019une puissance comprise entre 20 et 35 kw (47,5 ch) et dont le rapport poids\/puissance n\u2019exc\u00e8de pas 0,2 kw \/kg.<\/p>\n\n\n\n<p><span style=\"color: #ff0000;\"><strong style=\"font-size: 1.4em;\">D\u00e9roulement de la formation<\/strong><\/span><\/p>\n\n\n\n<p>Le permis A2 n\u00e9cessite l&rsquo;obtention du code sp\u00e9cifique motocyclette, une formation de 20h \u00e0 la pratique du 2 roues, ainsi que deux examens pratiques :<\/p>\n\n\n\n<p>Une \u00e9preuve de plateau :  elle valide la ma\u00eetrise de la machine. Vous y apprendrez \u00e0 ma\u00eetriser la moto \u00e0 l\u2019arr\u00eat, puis en vous d\u00e9pla\u00e7ant au pas (avec et sans passager), puis \u00e0 vive allure. <\/p>\n\n\n\n<p>Une \u00e9preuve de circulation : semblable \u00e0 l\u2019\u00e9preuve de conduite automobile en circulation, \u00e0 ceci pr\u00e8s que le formateur ou l\u2019examinateur n\u2019est pas avec vous sur la moto, mais vous suit \u00e0 bord d\u2019une voiture-\u00e9cole en vous guidant par radio. <\/p>\n\n\n<p><!--EndFragment--><\/p>\n<p><\/p>\n<p><!--EndFragment--><br>\n<br>\n<\/p>","protected":false},"excerpt":{"rendered":"<p>Pour qui ? Pour passer le permis A2 en 20h, vous devez \u00eatre \u00e2g\u00e9 d&rsquo;au moins 18 ans, et ne pas avoir le permis A1. Le permis A2 permet de conduire une motocyclette avec ou sans side-car d\u2019une puissance comprise entre 20 et 35 kw (47,5 ch) et dont le rapport poids\/puissance n\u2019exc\u00e8de pas 0,2 &#8230; <a title=\"Permis A2 (20h)\" class=\"read-more\" href=\"https:\/\/www.autoscool-clermont.com\/lblum\/index.php\/permis-a2-20h\/\" aria-label=\"En savoir plus sur Permis A2 (20h)\">Lire la suite<\/a><\/p>\n","protected":false},"author":1,"featured_media":0,"parent":0,"menu_order":0,"comment_status":"closed","ping_status":"closed","template":"","meta":{"footnotes":""},"_links":{"self":[{"href":"https:\/\/www.autoscool-clermont.com\/lblum\/index.php\/wp-json\/wp\/v2\/pages\/206"}],"collection":[{"href":"https:\/\/www.autoscool-clermont.com\/lblum\/index.php\/wp-json\/wp\/v2\/pages"}],"about":[{"href":"https:\/\/www.autoscool-clermont.com\/lblum\/index.php\/wp-json\/wp\/v2\/types\/page"}],"author":[{"embeddable":true,"href":"https:\/\/www.autoscool-clermont.com\/lblum\/index.php\/wp-json\/wp\/v2\/users\/1"}],"replies":[{"embeddable":true,"href":"https:\/\/www.autoscool-clermont.com\/lblum\/index.php\/wp-json\/wp\/v2\/comments?post=206"}],"version-history":[{"count":2,"href":"https:\/\/www.autoscool-clermont.com\/lblum\/index.php\/wp-json\/wp\/v2\/pages\/206\/revisions"}],"predecessor-version":[{"id":242,"href":"https:\/\/www.autoscool-clermont.com\/lblum\/index.php\/wp-json\/wp\/v2\/pages\/206\/revisions\/242"}],"wp:attachment":[{"href":"https:\/\/www.autoscool-clermont.com\/lblum\/index.php\/wp-json\/wp\/v2\/media?parent=206"}],"curies":[{"name":"wp","href":"https:\/\/api.w.org\/{rel}","templated":true}]}}