{"id":210,"date":"2021-01-24T12:28:48","date_gmt":"2021-01-24T11:28:48","guid":{"rendered":"http:\/\/www.autoscool-clermont.com\/lblum\/?page_id=210"},"modified":"2021-01-24T20:00:06","modified_gmt":"2021-01-24T19:00:06","slug":"passerelle-a2-vers-a","status":"publish","type":"page","link":"https:\/\/www.autoscool-clermont.com\/lblum\/index.php\/passerelle-a2-vers-a\/","title":{"rendered":"Passerelle A2 vers A"},"content":{"rendered":"\n<p><span style=\"color: #ff0000;\"><strong style=\"font-size: 1.4em;\">Pour qui ?<\/strong><\/span><\/p>\n\n\n\n<p>Tout conducteur ayant le permis A2 depuis plus de 2 ans.<\/p>\n\n\n\n<p><span style=\"color: #ff0000;\"><strong style=\"font-size: 1.4em;\">Quand ?<\/strong><\/span><\/p>\n\n\n\n<p>\n\nVous pouvez suivre la formation au cours des 3 mois avant la date anniversaire des 2 ans d&rsquo;obtention du permis A2.\n\n<\/p>\n\n\n\n<p><span style=\"color: #ff0000;\"><strong style=\"font-size: 1.4em;\">D\u00e9roulement de la formation<\/strong><\/span><\/p>\n\n\n\n<p>La formation se d\u00e9roule en 7h.<\/p>\n\n\n\n<p>2h de th\u00e9orie<br>2h de pratique hors circulation<br>3h de pratique en circulation<\/p>\n\n\n<p><!--EndFragment--><br>\n<br>\n<\/p>","protected":false},"excerpt":{"rendered":"<p>Pour qui ? Tout conducteur ayant le permis A2 depuis plus de 2 ans. Quand ? Vous pouvez suivre la formation au cours des 3 mois avant la date anniversaire des 2 ans d&rsquo;obtention du permis A2. D\u00e9roulement de la formation La formation se d\u00e9roule en 7h. 2h de th\u00e9orie2h de pratique hors circulation3h de &#8230; <a title=\"Passerelle A2 vers A\" class=\"read-more\" href=\"https:\/\/www.autoscool-clermont.com\/lblum\/index.php\/passerelle-a2-vers-a\/\" aria-label=\"En savoir plus sur Passerelle A2 vers A\">Lire la suite<\/a><\/p>\n","protected":false},"author":1,"featured_media":0,"parent":0,"menu_order":0,"comment_status":"closed","ping_status":"closed","template":"","meta":{"footnotes":""},"_links":{"self":[{"href":"https:\/\/www.autoscool-clermont.com\/lblum\/index.php\/wp-json\/wp\/v2\/pages\/210"}],"collection":[{"href":"https:\/\/www.autoscool-clermont.com\/lblum\/index.php\/wp-json\/wp\/v2\/pages"}],"about":[{"href":"https:\/\/www.autoscool-clermont.com\/lblum\/index.php\/wp-json\/wp\/v2\/types\/page"}],"author":[{"embeddable":true,"href":"https:\/\/www.autoscool-clermont.com\/lblum\/index.php\/wp-json\/wp\/v2\/users\/1"}],"replies":[{"embeddable":true,"href":"https:\/\/www.autoscool-clermont.com\/lblum\/index.php\/wp-json\/wp\/v2\/comments?post=210"}],"version-history":[{"count":2,"href":"https:\/\/www.autoscool-clermont.com\/lblum\/index.php\/wp-json\/wp\/v2\/pages\/210\/revisions"}],"predecessor-version":[{"id":243,"href":"https:\/\/www.autoscool-clermont.com\/lblum\/index.php\/wp-json\/wp\/v2\/pages\/210\/revisions\/243"}],"wp:attachment":[{"href":"https:\/\/www.autoscool-clermont.com\/lblum\/index.php\/wp-json\/wp\/v2\/media?parent=210"}],"curies":[{"name":"wp","href":"https:\/\/api.w.org\/{rel}","templated":true}]}}