{"id":245,"date":"2021-01-27T16:55:02","date_gmt":"2021-01-27T15:55:02","guid":{"rendered":"http:\/\/www.autoscool-clermont.com\/lblum\/?page_id=245"},"modified":"2021-01-27T16:55:13","modified_gmt":"2021-01-27T15:55:13","slug":"passerelle-boite-automatique-boite-manuelle-7h","status":"publish","type":"page","link":"https:\/\/www.autoscool-clermont.com\/lblum\/index.php\/passerelle-boite-automatique-boite-manuelle-7h\/","title":{"rendered":"Passerelle boite automatique\/Boite manuelle (7h)"},"content":{"rendered":"<p>Depuis le 1er Janvier 2017, tous les titulaires du permis BEA peuvent suivre une formation qui leurs permettra de conduire aussi bien des voitures \u00e9quip\u00e9es d\u2019une boite automatique que celles \u00e9quip\u00e9es d\u2019une boite manuelle.<\/p>\n<p>Cette formation consiste \u00e0 r\u00e9aliser 7 heures de conduite sur boite manuelle apr\u00e8s un d\u00e9lai minimal de 3 mois \u00e0 compter de la r\u00e9ussite \u00e0 l\u2019examen du permis BEA. Aucune proc\u00e9dure de r\u00e9gularisation devant un inspecteur n\u2019est n\u00e9cessaire \u00e0 la fin de cette formation (except\u00e9e pour les conducteurs ayant pass\u00e9 le permis BEA pour des raisons m\u00e9dicales).<\/p>\n<p>A l\u2019issue de la formation, nous vous d\u00e9livrerons, une attestation de conduite sur boite manuelle, qui permettra \u00e0 la pr\u00e9fecture de d\u00e9livrer le permis B.<\/p>\n<p><strong>Contenu de la passerelle permis BEA en permis B :<\/strong><br>La formation, est pratique et individuelle. La formation est dispens\u00e9e sur un v\u00e9hicule \u00e0 changement de vitesses manuel, relevant de la cat\u00e9gorie B. Les apports th\u00e9oriques, en lien avec la pratique, pourront \u00eatre enseign\u00e9s dans le v\u00e9hicule.<\/p>\n<p>Elle comprend deux s\u00e9quences :<\/p>\n<p><strong>S\u00e9quence 1<\/strong><br>Dur\u00e9e de 2 heures.<\/p>\n<p>Dans un trafic nul ou faible, l&rsquo;\u00e9l\u00e8ve doit acqu\u00e9rir les connaissances et les comp\u00e9tences suivantes :<\/p>\n<ul>\n<li>Comprendre le principe du point de patinage de l&#8217;embrayage et assurer sa mise en \u0153uvre<\/li>\n<li>\u00catre en capacit\u00e9 de r\u00e9aliser un d\u00e9marrage en c\u00f4te en toute s\u00e9curit\u00e9.<\/li>\n<\/ul>\n<p><strong>S\u00e9quence 2<\/strong><br>Dur\u00e9e de 5 heures.<\/p>\n<p>Cette s\u00e9quence se d\u00e9roule dans des conditions de circulation vari\u00e9es, simples et complexes. Elle permet l&rsquo;acquisition des comp\u00e9tences suivantes :<\/p>\n<ul>\n<li>Savoir utiliser la bo\u00eete de vitesses manuelle de fa\u00e7on rationnelle et en toute s\u00e9curit\u00e9 dans les conditions de circulation pr\u00e9cit\u00e9es et adopter les techniques de l&rsquo;\u00e9coconduite<\/li>\n<li>\u00catre en capacit\u00e9 de diriger le v\u00e9hicule en adaptant l&rsquo;allure et la trajectoire \u00e0 l&rsquo;environnement et aux conditions de circulation.<\/li>\n<\/ul>\n\n\n<p><\/p>\n","protected":false},"excerpt":{"rendered":"<p>Depuis le 1er Janvier 2017, tous les titulaires du permis BEA peuvent suivre une formation qui leurs permettra de conduire aussi bien des voitures \u00e9quip\u00e9es d\u2019une boite automatique que celles \u00e9quip\u00e9es d\u2019une boite manuelle. Cette formation consiste \u00e0 r\u00e9aliser 7 heures de conduite sur boite manuelle apr\u00e8s un d\u00e9lai minimal de 3 mois \u00e0 compter &#8230; <a title=\"Passerelle boite automatique\/Boite manuelle (7h)\" class=\"read-more\" href=\"https:\/\/www.autoscool-clermont.com\/lblum\/index.php\/passerelle-boite-automatique-boite-manuelle-7h\/\" aria-label=\"En savoir plus sur Passerelle boite automatique\/Boite manuelle (7h)\">Lire la suite<\/a><\/p>\n","protected":false},"author":1,"featured_media":0,"parent":0,"menu_order":0,"comment_status":"closed","ping_status":"closed","template":"","meta":{"footnotes":""},"_links":{"self":[{"href":"https:\/\/www.autoscool-clermont.com\/lblum\/index.php\/wp-json\/wp\/v2\/pages\/245"}],"collection":[{"href":"https:\/\/www.autoscool-clermont.com\/lblum\/index.php\/wp-json\/wp\/v2\/pages"}],"about":[{"href":"https:\/\/www.autoscool-clermont.com\/lblum\/index.php\/wp-json\/wp\/v2\/types\/page"}],"author":[{"embeddable":true,"href":"https:\/\/www.autoscool-clermont.com\/lblum\/index.php\/wp-json\/wp\/v2\/users\/1"}],"replies":[{"embeddable":true,"href":"https:\/\/www.autoscool-clermont.com\/lblum\/index.php\/wp-json\/wp\/v2\/comments?post=245"}],"version-history":[{"count":1,"href":"https:\/\/www.autoscool-clermont.com\/lblum\/index.php\/wp-json\/wp\/v2\/pages\/245\/revisions"}],"predecessor-version":[{"id":246,"href":"https:\/\/www.autoscool-clermont.com\/lblum\/index.php\/wp-json\/wp\/v2\/pages\/245\/revisions\/246"}],"wp:attachment":[{"href":"https:\/\/www.autoscool-clermont.com\/lblum\/index.php\/wp-json\/wp\/v2\/media?parent=245"}],"curies":[{"name":"wp","href":"https:\/\/api.w.org\/{rel}","templated":true}]}}