{"id":247,"date":"2021-01-27T16:56:32","date_gmt":"2021-01-27T15:56:32","guid":{"rendered":"http:\/\/www.autoscool-clermont.com\/lblum\/?page_id=247"},"modified":"2025-02-18T16:31:21","modified_gmt":"2025-02-18T15:31:21","slug":"formation-post-permis-et-reduction-de-la-periode-probatoire","status":"publish","type":"page","link":"https:\/\/www.autoscool-clermont.com\/lblum\/index.php\/formation-post-permis-et-reduction-de-la-periode-probatoire\/","title":{"rendered":"Formation Post-Permis et r\u00e9duction de la p\u00e9riode probatoire"},"content":{"rendered":"\n<p>Prochaine formation : Samedi 12 avril 2025 <\/p>\n\n\n\n<p>Date limite d&rsquo;inscription : 25 mars 2025<\/p>\n\n\n\n<p>La formation post-permis s&rsquo;adresse aux jeunes conducteurs qui ont obtenu le permis de conduire depuis le 1er janvier 2019.&nbsp;<strong>La formation permet de r\u00e9duire d&rsquo;un an la p\u00e9riode probatoire&nbsp;du conducteur novice.<\/strong><\/p>\n\n\n\n<p>En effet, \u00e0 l&rsquo;obtention du permis de conduire, le jeune conducteur poss\u00e8de un capital de 6 points. Si aucune infraction ayant entra\u00een\u00e9 une perte de point n&rsquo;a \u00e9t\u00e9 commise, le permis de conduire est cr\u00e9dit\u00e9 de 2 points suppl\u00e9mentaires par ann\u00e9e sur une p\u00e9riode de 3 ans. Dans le cas d&rsquo;une conduite accompagn\u00e9e, le permis est cr\u00e9dit\u00e9 de 3 points par an sur une p\u00e9riode de 2 ans.&nbsp;<\/p>\n\n\n\n<p>Gr\u00e2ce \u00e0 la formation compl\u00e9mentaire,&nbsp;<strong>la p\u00e9riode probatoire est de 2 ans&nbsp;<\/strong>au lieu de 3 ans pour les jeunes conducteurs ou 18 mois au lieu de 2 ans pour les conducteurs novices ayant obtenu par le biais de la conduite accompagn\u00e9e.<\/p>\n\n\n\n<h4 class=\"wp-block-heading\"><strong>Pour qui ?<\/strong><\/h4>\n\n\n\n<p>La formation post-permis s&rsquo;adresse&nbsp;exclusivement aux titulaires d&rsquo;un premier&nbsp;permis (A1, A2, B1 ou B)<\/p>\n\n\n\n<h4 class=\"wp-block-heading\">Conditions&nbsp;<\/h4>\n\n\n\n<p>Pour suivre ce stage post-permis, le jeune conducteur doit remplir 2 conditions :&nbsp;<\/p>\n\n\n\n<p>&#8211;&nbsp; avoir obtenu son permis&nbsp;<strong>depuis au moins 6 mois et depuis moins de 12 mois<\/strong>,<\/p>\n\n\n\n<p>&#8211;&nbsp;<strong>ne pas avoir commis d&rsquo;infraction<\/strong>&nbsp;entra\u00eenant une perte de point (avant&nbsp;et&nbsp;apr\u00e8s le stage).<\/p>\n\n\n\n<h4 class=\"wp-block-heading\">D\u00e9roulement et objectif du stage&nbsp;<\/h4>\n\n\n\n<p>Le stage s&rsquo;effectue sur une journ\u00e9e compl\u00e8te (<strong>dur\u00e9e<\/strong>&nbsp;<strong>7 heures<\/strong>) avec un minimum de 6 participants.&nbsp;<\/p>\n\n\n\n<p>La journ\u00e9e est d\u00e9compos\u00e9e en plusieurs modules dont le contenu a \u00e9t\u00e9 \u00e9labor\u00e9&nbsp;par&nbsp;des sp\u00e9cialistes de la s\u00e9curit\u00e9 routi\u00e8re. Elle vise \u00e0 aider les jeunes conducteurs \u00e0 prendre pleinement conscience des dangers de la route au moment o\u00f9 ils acqui\u00e8rent davantage d&rsquo;assurance. En effet, la \u00ab sur-confiance \u00bb qu\u2019ils ressentent g\u00e9n\u00e9ralement entre six mois et un an apr\u00e8s l&rsquo;obtention de leur permis de conduire, donne lieu \u00e0 une&nbsp;accidentalit\u00e9&nbsp;particuli\u00e8rement \u00e9lev\u00e9e, du fait d\u2019une mauvaise appr\u00e9ciation des risques.<\/p>\n\n\n\n<p>Ce stage s&rsquo;inscrit dans une d\u00e9marche pr\u00e9ventive qui vise \u00e0 r\u00e9duire le risque d&rsquo;accident. Il prend la forme d&rsquo;une session collective et privil\u00e9gie les \u00e9changes entre jeunes conducteurs. L&rsquo;id\u00e9e est de partager leurs premi\u00e8res exp\u00e9riences et leurs r\u00e9flexions sur leurs comportements au volant.&nbsp;<\/p>\n\n\n<p><!--EndFragment--><\/p>\n<\/p>","protected":false},"excerpt":{"rendered":"<p>Prochaine formation : Samedi 12 avril 2025 Date limite d&rsquo;inscription : 25 mars 2025 La formation post-permis s&rsquo;adresse aux jeunes conducteurs qui ont obtenu le permis de conduire depuis le 1er janvier 2019.&nbsp;La formation permet de r\u00e9duire d&rsquo;un an la p\u00e9riode probatoire&nbsp;du conducteur novice. En effet, \u00e0 l&rsquo;obtention du permis de conduire, le jeune conducteur &#8230; <a title=\"Formation Post-Permis et r\u00e9duction de la p\u00e9riode probatoire\" class=\"read-more\" href=\"https:\/\/www.autoscool-clermont.com\/lblum\/index.php\/formation-post-permis-et-reduction-de-la-periode-probatoire\/\" aria-label=\"En savoir plus sur Formation Post-Permis et r\u00e9duction de la p\u00e9riode probatoire\">Lire la suite<\/a><\/p>\n","protected":false},"author":1,"featured_media":0,"parent":0,"menu_order":0,"comment_status":"closed","ping_status":"closed","template":"","meta":{"footnotes":""},"_links":{"self":[{"href":"https:\/\/www.autoscool-clermont.com\/lblum\/index.php\/wp-json\/wp\/v2\/pages\/247"}],"collection":[{"href":"https:\/\/www.autoscool-clermont.com\/lblum\/index.php\/wp-json\/wp\/v2\/pages"}],"about":[{"href":"https:\/\/www.autoscool-clermont.com\/lblum\/index.php\/wp-json\/wp\/v2\/types\/page"}],"author":[{"embeddable":true,"href":"https:\/\/www.autoscool-clermont.com\/lblum\/index.php\/wp-json\/wp\/v2\/users\/1"}],"replies":[{"embeddable":true,"href":"https:\/\/www.autoscool-clermont.com\/lblum\/index.php\/wp-json\/wp\/v2\/comments?post=247"}],"version-history":[{"count":7,"href":"https:\/\/www.autoscool-clermont.com\/lblum\/index.php\/wp-json\/wp\/v2\/pages\/247\/revisions"}],"predecessor-version":[{"id":346,"href":"https:\/\/www.autoscool-clermont.com\/lblum\/index.php\/wp-json\/wp\/v2\/pages\/247\/revisions\/346"}],"wp:attachment":[{"href":"https:\/\/www.autoscool-clermont.com\/lblum\/index.php\/wp-json\/wp\/v2\/media?parent=247"}],"curies":[{"name":"wp","href":"https:\/\/api.w.org\/{rel}","templated":true}]}}