{"id":267,"date":"2021-06-16T17:53:50","date_gmt":"2021-06-16T15:53:50","guid":{"rendered":"http:\/\/www.autoscool-clermont.com\/lblum\/?page_id=267"},"modified":"2021-06-16T17:53:50","modified_gmt":"2021-06-16T15:53:50","slug":"boite-automatique","status":"publish","type":"page","link":"https:\/\/www.autoscool-clermont.com\/lblum\/index.php\/boite-automatique\/","title":{"rendered":"Boite automatique"},"content":{"rendered":"\n<p>Apr\u00e8s obtention de l&rsquo;examen du code de la route, les candidats au permis bo\u00eete automatique ont la possibilit\u00e9 de passer l&rsquo;examen \u00e0 l&rsquo;issue des 13 heures de formation requises.<\/p>\n\n\n\n<p>A l&rsquo;exception de cette diff\u00e9rence et du fait que la voiture est \u00e9quip\u00e9e d&rsquo;une bo\u00eete de vitesse automatique, les d\u00e9roul\u00e9s de la formation et de l&rsquo;examen sont les m\u00eame que pour le permis B.<\/p>\n\n\n\n<p>Cette formation permet de conduire un v\u00e9hicule \u00e0 boite automatique. Il est ensuite possible de transformer le permis boite automatique en permis boite manuelle au bout de 3 mois, <a href=\"http:\/\/www.autoscool-clermont.com\/lblum\/index.php\/passerelle-boite-automatique-boite-manuelle-7h\/\">en suivant une formation de 7h.<\/a><\/p>\n\n\n<p><!--EndFragment--><br>\n<br>\n<\/p>","protected":false},"excerpt":{"rendered":"<p>Apr\u00e8s obtention de l&rsquo;examen du code de la route, les candidats au permis bo\u00eete automatique ont la possibilit\u00e9 de passer l&rsquo;examen \u00e0 l&rsquo;issue des 13 heures de formation requises. A l&rsquo;exception de cette diff\u00e9rence et du fait que la voiture est \u00e9quip\u00e9e d&rsquo;une bo\u00eete de vitesse automatique, les d\u00e9roul\u00e9s de la formation et de l&rsquo;examen &#8230; <a title=\"Boite automatique\" class=\"read-more\" href=\"https:\/\/www.autoscool-clermont.com\/lblum\/index.php\/boite-automatique\/\" aria-label=\"En savoir plus sur Boite automatique\">Lire la suite<\/a><\/p>\n","protected":false},"author":1,"featured_media":0,"parent":0,"menu_order":0,"comment_status":"closed","ping_status":"closed","template":"","meta":{"footnotes":""},"_links":{"self":[{"href":"https:\/\/www.autoscool-clermont.com\/lblum\/index.php\/wp-json\/wp\/v2\/pages\/267"}],"collection":[{"href":"https:\/\/www.autoscool-clermont.com\/lblum\/index.php\/wp-json\/wp\/v2\/pages"}],"about":[{"href":"https:\/\/www.autoscool-clermont.com\/lblum\/index.php\/wp-json\/wp\/v2\/types\/page"}],"author":[{"embeddable":true,"href":"https:\/\/www.autoscool-clermont.com\/lblum\/index.php\/wp-json\/wp\/v2\/users\/1"}],"replies":[{"embeddable":true,"href":"https:\/\/www.autoscool-clermont.com\/lblum\/index.php\/wp-json\/wp\/v2\/comments?post=267"}],"version-history":[{"count":1,"href":"https:\/\/www.autoscool-clermont.com\/lblum\/index.php\/wp-json\/wp\/v2\/pages\/267\/revisions"}],"predecessor-version":[{"id":268,"href":"https:\/\/www.autoscool-clermont.com\/lblum\/index.php\/wp-json\/wp\/v2\/pages\/267\/revisions\/268"}],"wp:attachment":[{"href":"https:\/\/www.autoscool-clermont.com\/lblum\/index.php\/wp-json\/wp\/v2\/media?parent=267"}],"curies":[{"name":"wp","href":"https:\/\/api.w.org\/{rel}","templated":true}]}}