{"id":300,"date":"2023-01-09T15:45:04","date_gmt":"2023-01-09T14:45:04","guid":{"rendered":"http:\/\/www.autoscool-clermont.com\/lblum\/?page_id=300"},"modified":"2023-01-09T16:14:49","modified_gmt":"2023-01-09T15:14:49","slug":"formation-am-voiture-sans-permis-option-quadricycle","status":"publish","type":"page","link":"https:\/\/www.autoscool-clermont.com\/lblum\/index.php\/formation-am-voiture-sans-permis-option-quadricycle\/","title":{"rendered":"Formation AM voiture sans permis (option quadricycle)"},"content":{"rendered":"<div><center><span style=\"color: #ff0000; font-size: 1.6em; font-weight: 600; text-align: left;\">LA FORMATION QUADRICYCLE<\/span><\/center><\/div>\n<div><center><\/p>\n<p><strong style=\"color: #ff0000; font-size: 1.4em;\">Une formation pour une meilleure s\u00e9curit\u00e9<\/strong><\/p>\n<p><\/center><\/p>\n<h3><span style=\"color: #ff0000;\"><strong>Principe<\/strong><\/span><\/h3>\n<p>Depuis le 19 janvier 2013, le permis Am option quadricycle remplace le Brevet de S\u00e9curit\u00e9 Routi\u00e8re (B.S.R.). Il est accessible \u00e0 partir de 14 ans et permet de conduire :<\/p>\n<p>&#8211;\u00a0 \u00a0 \u00a0 \u00a0 \u00a0un quadricycle l\u00e9ger \u00e0 moteur d&rsquo;une puissance maximale de 4kw <span style=\"color: #ff0000;\">(voiturettes ou petits quads).<\/span><\/p>\n<h3><span style=\"color: #ff0000;\"><strong>D\u00e9roulement de la formation<\/strong><\/span><\/h3>\n<p>Cette formation dure 8 heures, et se d\u00e9coupe en trois parties :<\/p>\n<p>&#8211;\u00a0\u00a0\u00a0\u00a0\u00a0\u00a0\u00a0\u00a0 une phase de sensibilisation aux risques d&rsquo;une heure<br \/>\n&#8211;\u00a0\u00a0\u00a0\u00a0\u00a0\u00a0\u00a0\u00a0 une phase d&rsquo;enseignement hors circulation de 2 heures<br \/>\n&#8211;\u00a0\u00a0\u00a0\u00a0\u00a0\u00a0\u00a0\u00a0 une phase de conduite sur les voies ouvertes \u00e0 la circulation publique de 4 heures<\/p>\n<\/div>\n<h3><span style=\"color: #ff0000;\"><strong>Conditions<\/strong><\/span><\/h3>\n<p>Cette formation est obligatoire pour <strong>toute personne n\u00e9e \u00e0 partir du 1er janvier 1988<\/strong>.<\/p>\n<p>&#8211; Elle est dispens\u00e9e avec votre v\u00e9hicule.<br \/>\n&#8211; Votre assureur doit attester qu&rsquo;il couvre la p\u00e9riode d&rsquo;apprentissage.<\/p>\n<p>Contactez nous pour organiser votre formation d\u00e8s la livraison du v\u00e9hicule, ainsi que pour tout autre renseignement.<\/p>\n","protected":false},"excerpt":{"rendered":"<p>LA FORMATION QUADRICYCLE Une formation pour une meilleure s\u00e9curit\u00e9 Principe Depuis le 19 janvier 2013, le permis Am option quadricycle remplace le Brevet de S\u00e9curit\u00e9 Routi\u00e8re (B.S.R.). Il est accessible \u00e0 partir de 14 ans et permet de conduire : &#8211;\u00a0 \u00a0 \u00a0 \u00a0 \u00a0un quadricycle l\u00e9ger \u00e0 moteur d&rsquo;une puissance maximale de 4kw (voiturettes &#8230; <a title=\"Formation AM voiture sans permis (option quadricycle)\" class=\"read-more\" href=\"https:\/\/www.autoscool-clermont.com\/lblum\/index.php\/formation-am-voiture-sans-permis-option-quadricycle\/\" aria-label=\"En savoir plus sur Formation AM voiture sans permis (option quadricycle)\">Lire la suite<\/a><\/p>\n","protected":false},"author":1,"featured_media":0,"parent":0,"menu_order":0,"comment_status":"closed","ping_status":"closed","template":"","meta":{"footnotes":""},"_links":{"self":[{"href":"https:\/\/www.autoscool-clermont.com\/lblum\/index.php\/wp-json\/wp\/v2\/pages\/300"}],"collection":[{"href":"https:\/\/www.autoscool-clermont.com\/lblum\/index.php\/wp-json\/wp\/v2\/pages"}],"about":[{"href":"https:\/\/www.autoscool-clermont.com\/lblum\/index.php\/wp-json\/wp\/v2\/types\/page"}],"author":[{"embeddable":true,"href":"https:\/\/www.autoscool-clermont.com\/lblum\/index.php\/wp-json\/wp\/v2\/users\/1"}],"replies":[{"embeddable":true,"href":"https:\/\/www.autoscool-clermont.com\/lblum\/index.php\/wp-json\/wp\/v2\/comments?post=300"}],"version-history":[{"count":3,"href":"https:\/\/www.autoscool-clermont.com\/lblum\/index.php\/wp-json\/wp\/v2\/pages\/300\/revisions"}],"predecessor-version":[{"id":304,"href":"https:\/\/www.autoscool-clermont.com\/lblum\/index.php\/wp-json\/wp\/v2\/pages\/300\/revisions\/304"}],"wp:attachment":[{"href":"https:\/\/www.autoscool-clermont.com\/lblum\/index.php\/wp-json\/wp\/v2\/media?parent=300"}],"curies":[{"name":"wp","href":"https:\/\/api.w.org\/{rel}","templated":true}]}}