{"id":334,"date":"2024-11-29T16:27:20","date_gmt":"2024-11-29T15:27:20","guid":{"rendered":"https:\/\/www.autoscool-clermont.com\/lblum\/?page_id=334"},"modified":"2024-11-29T16:27:21","modified_gmt":"2024-11-29T15:27:21","slug":"enjeux-de-la-formation","status":"publish","type":"page","link":"https:\/\/www.autoscool-clermont.com\/lblum\/index.php\/enjeux-de-la-formation\/","title":{"rendered":"Enjeux de la formation"},"content":{"rendered":"\n<p><strong>D\u00c9ROULEMENT DE LA FORMATION \u00c0 LA CAT\u00c9GORIE \u00ab B \u00bb DU PERMIS DE CONDUIRE<\/strong> <\/p>\n\n\n\n<p><br><\/p>\n\n\n\n<p><strong>Les enjeux de la formation \u00e0 la conduite<\/strong><\/p>\n\n\n\n<p>L\u2019automobile\nest devenue un outil social indispensable pour une tr\u00e8s grande partie des\njeunes.<\/p>\n\n\n\n<p>Au-del\u00e0\ndu plaisir de conduire, l\u2019utilisation d\u2019une voiture est souvent n\u00e9cessaire pour\nles \u00e9tudes, le travail ou les loisirs. Rouler en s\u00e9curit\u00e9 est donc une pr\u00e9occupation\npour tous.<\/p>\n\n\n\n<p>Les\nconducteurs d\u00e9butants repr\u00e9sentent une part trop importante des tu\u00e9s et des\nbless\u00e9s sur la route.<\/p>\n\n\n\n<p>L\u2019effort\nengag\u00e9 doit \u00eatre poursuivi, notamment par le renforcement de l\u2019\u00e9ducation et de\nla formation.<\/p>\n\n\n\n<p>Les\naccidents de la route ne sont pas li\u00e9s \u00e0 la fatalit\u00e9 et pour aider les nouveaux\nconducteurs \u00e0 se d\u00e9placer avec un risque faible de perdre la vie ou de la\nd\u00e9grader, un nouveau programme de formation est mis en place.<\/p>\n\n\n\n<p>L\u2019objectif\ng\u00e9n\u00e9ral est d\u2019amener tout automobiliste d\u00e9butant \u00e0 la ma\u00eetrise de comp\u00e9tences\nen termes de savoir-\u00eatre, savoirs, savoir-faire et savoir-devenir.<\/p>\n\n\n\n<p><strong>Apprendre\n\u00e0 conduire est une d\u00e9marche \u00e9ducative exigeante<\/strong>.<\/p>\n\n\n\n<p><strong>Le d\u00e9roulement de la formation<\/strong><\/p>\n\n\n\n<p>Ce\nprogramme se veut une vue d\u2019ensemble, aussi exhaustive que possible, des\ncomp\u00e9tences qu\u2019un conducteur responsable doit acqu\u00e9rir pour ne pas mettre sa\ns\u00e9curit\u00e9 et celle des autres en danger.<\/p>\n\n\n\n<p>Il\nvous faudra prendre conscience que ce qui est appris en formation doit\nprogresser et \u00e9voluer, apr\u00e8s l\u2019obtention du permis de conduire, en tenant\ncompte des m\u00eames objectifs s\u00e9curitaires que lors de votre apprentissage.<\/p>\n\n\n\n<p>Vous\nallez apprendre \u00e0 manipuler une automobile et \u00e0 circuler dans diff\u00e9rentes\nconfigurations, \u00e0 en conna\u00eetre les risques et les limites.<\/p>\n\n\n\n<p>Vous\nallez au travers de ce programme comprendre les r\u00e8gles du code de la route\nainsi que l\u2019influence des lois physiques et des aspects psychologiques et\nphysiologiques.<\/p>\n\n\n\n<p>Vous\ndevrez \u00e9galement vous situer personnellement en tant que citoyen dans vos choix\nde conduite.<\/p>\n\n\n\n<p>Des\ncours th\u00e9oriques et pratiques, collectifs ou individuels, vous aideront \u00e0\natteindre les objectifs d\u00e9finis et \u00e0 personnaliser votre progression. Votre\nformateur sera \u00e0 vos c\u00f4t\u00e9s pour vous guider et vous conseiller.<\/p>\n\n\n\n<p>Des\ntests de connaissances et de capacit\u00e9s pourront \u00eatre mis en place au fur et \u00e0\nmesure.<\/p>\n\n\n\n<p>Afin de disposer de\nrep\u00e8res, quatre grilles de progression accompagnent l\u2019\u00e9l\u00e8ve dans l\u2019acquisition\ndes comp\u00e9tences. Elles d\u00e9taillent les savoirs comportementaux, techniques et\nenvironnementaux dont doit disposer l\u2019\u00e9l\u00e8ve conducteur au fur et \u00e0 mesure de\nson \u00e9volution.<\/p>\n\n\n\n<p>Pour chacun des objectifs\nde votre programme, des \u00e9valuations mises en place par votre formateur, qui\nvous pr\u00e9cisera les crit\u00e8res et les conditions de r\u00e9ussite, sont pr\u00e9vues. Il\nvous sera possible ainsi de mesurer votre r\u00e9ussite ou d\u2019appr\u00e9cier les \u00e9l\u00e9ments\n\u00e0 faire progresser.<\/p>\n\n\n\n<p>De m\u00eame, pour chacun des objectifs,\nqui impliquent la conscience que vous aurez de vos capacit\u00e9s, de vos\nmotivations et de vos limites, des auto-\u00e9valuations sont \u00e0 votre disposition\nsur chacune des quatre grilles.<\/p>\n\n\n\n<p><strong>Lorsque l\u2019ensemble des\ncomp\u00e9tences requises sera valid\u00e9, votre formateur pourra alors vous pr\u00e9senter\naux \u00e9preuves du permis de conduire.<\/strong><\/p>\n\n\n\n<figure class=\"wp-block-image\"><img decoding=\"async\" src=\"http:\/\/www.autoscool-clermont.com\/wp-content\/uploads\/2021\/10\/CEPC.png\" alt=\"\" class=\"wp-image-1957\"\/><\/figure>\n\n\n\n<p><strong>Comment se d\u00e9roule l\u2019examen\u2009?<\/strong><\/p>\n\n\n\n<p>L\u2019\u00e9preuve pratique de\nl\u2019examen du permis de conduire est \u00e9valu\u00e9e par un expert\u2009: l\u2019inspecteur du\npermis de conduire et de la s\u00e9curit\u00e9 routi\u00e8re.<\/p>\n\n\n\n<p>Le jour de l\u2019examen,\nl\u2019\u00e9preuve vous est pr\u00e9sent\u00e9e individuellement par l\u2019expert, qui vous pr\u00e9cise ce\nque vous allez devoir faire\u2009:<\/p>\n\n\n\n<ul><li>r\u00e9aliser un parcours\nempruntant des voies \u00e0 caract\u00e8re urbain, routier et\/ou autoroutier\u2009;<\/li><li>suivre un itin\u00e9raire ou\nvous rendre vers une destination pr\u00e9alablement \u00e9tablie, en vous guidant de\nmani\u00e8re autonome, pendant une dur\u00e9e globale d\u2019environ cinq minutes\u2009;<\/li><li>r\u00e9aliser un freinage pour\ns\u2019arr\u00eater avec pr\u00e9cision et r\u00e9aliser une man\u0153uvre en marche arri\u00e8re&nbsp;;<\/li><li>proc\u00e9der \u00e0 la v\u00e9rification\nd\u2019un \u00e9l\u00e9ment technique \u00e0 l\u2019int\u00e9rieur ou \u00e0 l\u2019ext\u00e9rieur du v\u00e9hicule, r\u00e9pondre \u00e0\nune question en lien avec la s\u00e9curit\u00e9 routi\u00e8re et \u00e0 une question portant sur\nles notions \u00e9l\u00e9mentaires de premiers secours ;<\/li><li>appliquer les r\u00e8gles du\ncode de la route, notamment les limitations de vitesse s\u2019appliquant aux \u00e9l\u00e8ves\nconducteurs\u2009;<\/li><li>adapter votre conduite\ndans un souci d\u2019\u00e9conomie de carburant et de limitation de rejet de gaz \u00e0 effet\nde serre\u2009;<\/li><li>faire preuve de courtoisie\nenvers les autres usagers, et notamment les plus vuln\u00e9rables.<\/li><\/ul>\n\n\n\n<p>L\u2019\u00e9valuation r\u00e9alis\u00e9e par\nl\u2019expert est bas\u00e9e sur des textes r\u00e9glementaires et instructions pr\u00e9cises qui\nen fixent les modalit\u00e9s.<\/p>\n\n\n\n<p>Cette \u00e9valuation consiste\nen un bilan des comp\u00e9tences n\u00e9cessaires et fondamentales devant \u00eatre acquises\npour une conduite en s\u00e9curit\u00e9, car la conduite est un acte difficile qui engage\nune responsabilit\u00e9 forte.<\/p>\n\n\n\n<p>L\u2019expert s\u2019attache \u00e0\nvaloriser vos acquis comportementaux plut\u00f4t que vos faiblesses. Il r\u00e9alise\nainsi un inventaire des points positifs et des points n\u00e9gatifs restitu\u00e9s par\nrapport \u00e0 une comp\u00e9tence donn\u00e9e. Un \u00e9change entre l\u2019expert et vous peut\ns\u2019instaurer au cours de l\u2019\u00e9preuve.<\/p>\n\n\n\n<p>\u00c0\nl\u2019issue de l\u2019\u00e9preuve, l\u2019expert retranscrit de fa\u00e7on formelle ce bilan de\ncomp\u00e9tences dans une grille d\u2019\u00e9valuation.<strong><br>\n<\/strong><\/p>\n\n\n\n<p><strong>D\u00c9ROULEMENT DE LA FORMATION \u00c0 LA CAT\u00c9GORIE \u00ab AM \u00bb DU PERMIS DE CONDUIRE<\/strong> <\/p>\n\n\n\n<p><br><\/p>\n\n\n\n<p><strong>D\u00e9finition<\/strong><\/p>\n\n\n\n<p>Un\ncyclomoteur est caract\u00e9ris\u00e9 par une cylindr\u00e9e inf\u00e9rieure ou \u00e9gale \u00e0 50 cm<sup>3<\/sup> (4kW pour\nles cyclomoteurs \u00e9lectriques) et une vitesse maximale \u00e9gale \u00e0 45&nbsp;km\/h.<\/p>\n\n\n\n<p>Le permis AM est obligatoire pour conduire un\ndeux-roues d\u00e8s 14 ans.<\/p>\n\n\n\n<p><strong>D\u00e9roulement<\/strong><\/p>\n\n\n\n<p>Il\nfaut avoir obtenu l\u2019<strong>ASSR<\/strong> (Attestation Scolaire de S\u00e9curit\u00e9 Routi\u00e8re) de\nniveau 1 ou 2 ou l\u2019<strong>ASR<\/strong> pour suivre une formation pratique de\n7&nbsp;heures minimum assur\u00e9e par une auto-\u00e9cole ou une association\nsocio-\u00e9ducative.<\/p>\n\n\n\n<p>\u00c0\nl\u2019issue de la formation pratique, l\u2019\u00e9tablissement d\u00e9livre un <strong>Brevet de\nS\u00e9curit\u00e9 Routi\u00e8re<\/strong>\u2009: il correspond \u00e0 la cat\u00e9gorie <strong>AM<\/strong> du permis de\nconduire.<\/p>\n\n\n\n<p>Vous\npourrez conduire un scoot d\u00e8s que vous serez en possession du permis AM.<\/p>\n\n\n\n<p><strong>La\nformation pratique est constitu\u00e9e de trois phases&nbsp;:<\/strong><\/p>\n\n\n\n<p>\u2022\nune phase d\u2019enseignement hors circulation (dur\u00e9e 2h),<\/p>\n\n\n\n<p>\u2022\nune phase de conduite sur les voies ouvertes \u00e0 la circulation publique,(dur\u00e9e\n4h),<\/p>\n\n\n\n<p>\u2022\nune phase de sensibilisation aux risques (dur\u00e9e 1h).<\/p>\n\n\n\n<p>Avec\nle permis AM option cyclo<\/p>\n\n\n\n<p>On\npeut\u2009:<\/p>\n\n\n\n<p>\u2022\nconduire un cyclomoteur \u00e0 deux ou trois roues dont la cylindr\u00e9e est limit\u00e9e \u00e0\n50 cm<sup>3<\/sup> et la vitesse \u00e0 45&nbsp;km\/h,<\/p>\n\n\n\n<p>\u2022\nconduire un quadricycle l\u00e9ger \u00e0 moteur (cat\u00e9gorie L6e\u2009: cylindr\u00e9e maxi \u00e0 50 cm<sup>3<\/sup>,\nvitesse 45&nbsp;km\/h).<\/p>\n","protected":false},"excerpt":{"rendered":"<p>D\u00c9ROULEMENT DE LA FORMATION \u00c0 LA CAT\u00c9GORIE \u00ab B \u00bb DU PERMIS DE CONDUIRE Les enjeux de la formation \u00e0 la conduite L\u2019automobile est devenue un outil social indispensable pour une tr\u00e8s grande partie des jeunes. Au-del\u00e0 du plaisir de conduire, l\u2019utilisation d\u2019une voiture est souvent n\u00e9cessaire pour les \u00e9tudes, le travail ou les loisirs. &#8230; <a title=\"Enjeux de la formation\" class=\"read-more\" href=\"https:\/\/www.autoscool-clermont.com\/lblum\/index.php\/enjeux-de-la-formation\/\" aria-label=\"En savoir plus sur Enjeux de la formation\">Lire la suite<\/a><\/p>\n","protected":false},"author":1,"featured_media":0,"parent":0,"menu_order":0,"comment_status":"closed","ping_status":"closed","template":"","meta":{"footnotes":""},"_links":{"self":[{"href":"https:\/\/www.autoscool-clermont.com\/lblum\/index.php\/wp-json\/wp\/v2\/pages\/334"}],"collection":[{"href":"https:\/\/www.autoscool-clermont.com\/lblum\/index.php\/wp-json\/wp\/v2\/pages"}],"about":[{"href":"https:\/\/www.autoscool-clermont.com\/lblum\/index.php\/wp-json\/wp\/v2\/types\/page"}],"author":[{"embeddable":true,"href":"https:\/\/www.autoscool-clermont.com\/lblum\/index.php\/wp-json\/wp\/v2\/users\/1"}],"replies":[{"embeddable":true,"href":"https:\/\/www.autoscool-clermont.com\/lblum\/index.php\/wp-json\/wp\/v2\/comments?post=334"}],"version-history":[{"count":1,"href":"https:\/\/www.autoscool-clermont.com\/lblum\/index.php\/wp-json\/wp\/v2\/pages\/334\/revisions"}],"predecessor-version":[{"id":335,"href":"https:\/\/www.autoscool-clermont.com\/lblum\/index.php\/wp-json\/wp\/v2\/pages\/334\/revisions\/335"}],"wp:attachment":[{"href":"https:\/\/www.autoscool-clermont.com\/lblum\/index.php\/wp-json\/wp\/v2\/media?parent=334"}],"curies":[{"name":"wp","href":"https:\/\/api.w.org\/{rel}","templated":true}]}}