{"id":336,"date":"2024-11-29T16:28:47","date_gmt":"2024-11-29T15:28:47","guid":{"rendered":"https:\/\/www.autoscool-clermont.com\/lblum\/?page_id=336"},"modified":"2024-11-29T17:13:22","modified_gmt":"2024-11-29T16:13:22","slug":"modalites-dorganisation-des-formations-theoriques-et-pratiques","status":"publish","type":"page","link":"https:\/\/www.autoscool-clermont.com\/lblum\/index.php\/modalites-dorganisation-des-formations-theoriques-et-pratiques\/","title":{"rendered":"Modalit\u00e9s d\u2019organisation des formations th\u00e9oriques et pratiques"},"content":{"rendered":"\n<p><strong>Modalit\u00e9s d\u2019organisation\ndes formations th\u00e9oriques et pratiques<\/strong><\/p>\n\n\n\n<p><strong>Permis B\net AAC<\/strong><\/p>\n\n\n\n<p><strong>Th\u00e9orie&nbsp;:<\/strong><\/p>\n\n\n\n<p>Lors de son inscription ou en cours de formation, l\u2019apprenti\nconducteur peut acc\u00e9der \u00e0 l\u2019apprentissage du code de la route par deux\nm\u00e9thodes, cumulables&nbsp;:<\/p>\n\n\n\n<p>&nbsp;&nbsp;&nbsp;&nbsp;&nbsp;&nbsp;&nbsp;&nbsp;&nbsp;&nbsp;&nbsp; &nbsp;&nbsp;&nbsp;&nbsp;&nbsp;&nbsp;&nbsp;&nbsp;&nbsp;&nbsp;&nbsp; <strong>Tests\net cours de code \u00e0 l\u2019agence<\/strong><\/p>\n\n\n\n<p>HORAIRES DES TESTS DE CODE<\/p>\n\n\n\n<p>Le lundi et le vendredi de 14h \u00e0 17h<\/p>\n\n\n\n<p>Le mardi, mercredi et jeudi de 15h \u00e0 18h<\/p>\n\n\n\n<p>HORAIRES DES COURS DE CODE<\/p>\n\n\n\n<p>Les cours th\u00e9oriques se d\u00e9roulent tous les mercredis de 17h\n\u00e0 18h.<\/p>\n\n\n\n<p>Les cours se d\u00e9roulent en pr\u00e9sence d\u2019un formateur, et permettent d\u2019aborder\nles diff\u00e9rents th\u00e8mes du code de la route, par exemple&nbsp;:<\/p>\n\n\n\n<p>&#8211; la vigilance et les attitudes \u00e0\nl&rsquo;\u00e9gard des autres usagers de la route ;<\/p>\n\n\n\n<p>&#8211; les effets dus \u00e0 une consommation\nd&rsquo;alcool, de drogues et de m\u00e9dicaments sur la conduite ;<\/p>\n\n\n\n<p>&#8211; l&rsquo;influence de la fatigue sur la\nconduite ;<\/p>\n\n\n\n<p>&#8211; les risques li\u00e9s aux conditions\nm\u00e9t\u00e9orologiques et \u00e0 l\u2019\u00e9tat de la chauss\u00e9e ;<\/p>\n\n\n\n<p>&#8211; les usagers vuln\u00e9rables&nbsp;;<\/p>\n\n\n\n<p>&#8211; les sp\u00e9cificit\u00e9s de certaines cat\u00e9gories de v\u00e9hicules et les\ndiff\u00e9rentes conditions de visibilit\u00e9 de leurs conducteurs ;<\/p>\n\n\n\n<p>&#8211; les gestes de premiers\nsecours&nbsp;;<\/p>\n\n\n\n<p>&#8211; les pr\u00e9cautions \u00e0 prendre en montant\net en quittant son v\u00e9hicule&nbsp;;<\/p>\n\n\n\n<p>&#8211; le transport d&rsquo;un chargement et de\npersonnes ;<\/p>\n\n\n\n<p>&#8211; la r\u00e9glementation relative \u00e0\nl\u2019obligation d&rsquo;assurance et aux documents administratifs li\u00e9s \u00e0 l&rsquo;utilisation\ndu v\u00e9hicule.<\/p>\n\n\n\n<p>&#8211;\nla pression sociale (publicit\u00e9, travail&#8230;) ;<\/p>\n\n\n\n<p>&#8211;\nla pression des pairs<\/p>\n\n\n\n<p>Les\ntests et cours de code sont collectifs.<\/p>\n\n\n\n<p>&nbsp;&nbsp;&nbsp;&nbsp;&nbsp;&nbsp;&nbsp;&nbsp;&nbsp;&nbsp;&nbsp; &nbsp;&nbsp;&nbsp;&nbsp;&nbsp;&nbsp;&nbsp;&nbsp;&nbsp;&nbsp;&nbsp; <strong>Tests\net cours de code par internet<\/strong><\/p>\n\n\n\n<p>Par confort, pour des raisons d\u2019emploi du temps, ou pour permettre\nd\u2019aller plus vite dans l\u2019apprentissage, il est possible de disposer d\u2019un acc\u00e8s\nau code par internet. Cet acc\u00e8s permet d\u2019acc\u00e9der aux cours ainsi qu\u2019au test de\ncode.<\/p>\n\n\n\n<p>Il est conseill\u00e9 dans un premier temps de suivre les cours en\nligne, puis dans un deuxi\u00e8me temps de s\u2019entrainer avec les s\u00e9ries type examen.<\/p>\n\n\n\n<p><strong>Pratique&nbsp;:<\/strong><\/p>\n\n\n\n<p>D\u00e8s l\u2019inscription ou apr\u00e8s obtention du code suivant le profil, un\nplanning de formation est mis en place avec l\u2019apprenti conducteur. <\/p>\n\n\n\n<p>La formation pratique se d\u00e9roule en cours individuel, et commence\n\u00e0 l\u2019agence.<\/p>\n\n\n\n<p>Elle porte sur la conduite d&rsquo;un v\u00e9hicule et sur la sensibilisation\naux diff\u00e9rents risques routiers. <\/p>\n\n\n\n<p><strong>Quatre\ncomp\u00e9tences sont enseign\u00e9es et doivent \u00eatre acquises en fin de formation&nbsp;:<\/strong><\/p>\n\n\n\n<p>&#8211; ma\u00eetriser le maniement du v\u00e9hicule dans un trafic faible ou nul\n;<\/p>\n\n\n\n<p>&#8211; appr\u00e9hender la route et circuler dans des conditions normales ;<\/p>\n\n\n\n<p>&#8211; circuler dans des conditions difficiles et partager la route\navec les autres usagers ;<\/p>\n\n\n\n<p>&#8211; pratiquer une conduite autonome, s\u00fbre et \u00e9conomique.<\/p>\n\n\n\n<p><strong>Chaque\ncomp\u00e9tence et sous-comp\u00e9tence sera trait\u00e9e en abordant les points suivants :<\/strong><\/p>\n\n\n\n<p>&#8211; le\npourquoi ;<\/p>\n\n\n\n<p>&#8211; le\ncomment ;<\/p>\n\n\n\n<p>&#8211; les\nrisques ;<\/p>\n\n\n\n<p>&#8211; les\ninfluences de l&rsquo;entourage\u00b7 et du mode de vie de l&rsquo;\u00e9l\u00e8ve ;<\/p>\n\n\n\n<p>&#8211; les\npressions exerc\u00e9es par la soci\u00e9t\u00e9, telles que la publicit\u00e9, le travail\u2026&nbsp;;<\/p>\n\n\n\n<p>&#8211;\nl&rsquo;auto-\u00e9valuation.<\/p>\n","protected":false},"excerpt":{"rendered":"<p>Modalit\u00e9s d\u2019organisation des formations th\u00e9oriques et pratiques Permis B et AAC Th\u00e9orie&nbsp;: Lors de son inscription ou en cours de formation, l\u2019apprenti conducteur peut acc\u00e9der \u00e0 l\u2019apprentissage du code de la route par deux m\u00e9thodes, cumulables&nbsp;: &nbsp;&nbsp;&nbsp;&nbsp;&nbsp;&nbsp;&nbsp;&nbsp;&nbsp;&nbsp;&nbsp; &nbsp;&nbsp;&nbsp;&nbsp;&nbsp;&nbsp;&nbsp;&nbsp;&nbsp;&nbsp;&nbsp; Tests et cours de code \u00e0 l\u2019agence HORAIRES DES TESTS DE CODE Le lundi et le vendredi &#8230; <a title=\"Modalit\u00e9s d\u2019organisation des formations th\u00e9oriques et pratiques\" class=\"read-more\" href=\"https:\/\/www.autoscool-clermont.com\/lblum\/index.php\/modalites-dorganisation-des-formations-theoriques-et-pratiques\/\" aria-label=\"En savoir plus sur Modalit\u00e9s d\u2019organisation des formations th\u00e9oriques et pratiques\">Lire la suite<\/a><\/p>\n","protected":false},"author":1,"featured_media":0,"parent":0,"menu_order":0,"comment_status":"closed","ping_status":"closed","template":"","meta":{"footnotes":""},"_links":{"self":[{"href":"https:\/\/www.autoscool-clermont.com\/lblum\/index.php\/wp-json\/wp\/v2\/pages\/336"}],"collection":[{"href":"https:\/\/www.autoscool-clermont.com\/lblum\/index.php\/wp-json\/wp\/v2\/pages"}],"about":[{"href":"https:\/\/www.autoscool-clermont.com\/lblum\/index.php\/wp-json\/wp\/v2\/types\/page"}],"author":[{"embeddable":true,"href":"https:\/\/www.autoscool-clermont.com\/lblum\/index.php\/wp-json\/wp\/v2\/users\/1"}],"replies":[{"embeddable":true,"href":"https:\/\/www.autoscool-clermont.com\/lblum\/index.php\/wp-json\/wp\/v2\/comments?post=336"}],"version-history":[{"count":2,"href":"https:\/\/www.autoscool-clermont.com\/lblum\/index.php\/wp-json\/wp\/v2\/pages\/336\/revisions"}],"predecessor-version":[{"id":344,"href":"https:\/\/www.autoscool-clermont.com\/lblum\/index.php\/wp-json\/wp\/v2\/pages\/336\/revisions\/344"}],"wp:attachment":[{"href":"https:\/\/www.autoscool-clermont.com\/lblum\/index.php\/wp-json\/wp\/v2\/media?parent=336"}],"curies":[{"name":"wp","href":"https:\/\/api.w.org\/{rel}","templated":true}]}}