{"id":49,"date":"2020-02-12T22:16:30","date_gmt":"2020-02-12T21:16:30","guid":{"rendered":"http:\/\/www.autoscool-clermont.com\/lblum\/?page_id=49"},"modified":"2020-02-12T22:16:38","modified_gmt":"2020-02-12T21:16:38","slug":"nos-agences","status":"publish","type":"page","link":"https:\/\/www.autoscool-clermont.com\/lblum\/index.php\/nos-agences\/","title":{"rendered":"Nos agences"},"content":{"rendered":"<p><meta name=\"description\" content=\"Auto'Scool, deux agences \u00e0 Clermont Ferrand au coeur des facs et des r\u00e9sidences \u00e9tudiantes, pour apprendre \u00e0 conduire en toute d\u00e9contraction.\"><br \/>\n<strong>Choisissez votre agence<\/strong><\/p>\n<p><center><\/p>\n<table width=\"654\" style=\"height: 500px;\">\n<caption> <\/caption>\n<tbody>\n<tr>\n<td width=\"400\" onclick=\"location.href='http:\/\/www.autoscool-clermont.com\/agence-lafayette';\" <td=\"\" ;=\"\"><img loading=\"lazy\" decoding=\"async\" width=\"326\" height=\"245\" class=\"size-full wp-image-1296 aligncenter\" alt=\"IMG_1763\" src=\"http:\/\/www.autoscool-clermont.com\/wp-content\/uploads\/2015\/12\/IMG_15512.JPG\"><\/p>\n<p style=\"text-align: center;\">\nAuto&rsquo;Scool Lafayette<br \/>\n19, boulevard Lafayette<br \/>\nCLERMONT FERRAND<br \/>\n04.73.92.50.36<\/td>\n<td width=\"50\"><\/td>\n<td width=\"400\" onclick=\"location.href='http:\/\/www.autoscool-clermont.com\/lblum\/';\" <td=\"\"><img loading=\"lazy\" decoding=\"async\" width=\"326\" height=\"245\" class=\"size-full wp-image-1297 aligncenter\" alt=\"IMG_1506\" src=\"http:\/\/www.autoscool-clermont.com\/lblum\/wp-content\/uploads\/2016\/01\/blumvitrine.jpg\"><\/p>\n<p style=\"text-align: center;\">Auto&rsquo;Scool L\u00e9on Blum<br \/>\n147 bis, Avenue L\u00e9on Blum<br \/>\nCLERMONT FERRAND<br \/>\n04.73.26.15.38<\/td>\n<\/tr>\n<\/tbody>\n<\/table>\n<p><\/center><\/p>\n","protected":false},"excerpt":{"rendered":"<p>Choisissez votre agence<\/p>\n","protected":false},"author":1,"featured_media":0,"parent":0,"menu_order":0,"comment_status":"closed","ping_status":"closed","template":"","meta":{"footnotes":""},"_links":{"self":[{"href":"https:\/\/www.autoscool-clermont.com\/lblum\/index.php\/wp-json\/wp\/v2\/pages\/49"}],"collection":[{"href":"https:\/\/www.autoscool-clermont.com\/lblum\/index.php\/wp-json\/wp\/v2\/pages"}],"about":[{"href":"https:\/\/www.autoscool-clermont.com\/lblum\/index.php\/wp-json\/wp\/v2\/types\/page"}],"author":[{"embeddable":true,"href":"https:\/\/www.autoscool-clermont.com\/lblum\/index.php\/wp-json\/wp\/v2\/users\/1"}],"replies":[{"embeddable":true,"href":"https:\/\/www.autoscool-clermont.com\/lblum\/index.php\/wp-json\/wp\/v2\/comments?post=49"}],"version-history":[{"count":1,"href":"https:\/\/www.autoscool-clermont.com\/lblum\/index.php\/wp-json\/wp\/v2\/pages\/49\/revisions"}],"predecessor-version":[{"id":50,"href":"https:\/\/www.autoscool-clermont.com\/lblum\/index.php\/wp-json\/wp\/v2\/pages\/49\/revisions\/50"}],"wp:attachment":[{"href":"https:\/\/www.autoscool-clermont.com\/lblum\/index.php\/wp-json\/wp\/v2\/media?parent=49"}],"curies":[{"name":"wp","href":"https:\/\/api.w.org\/{rel}","templated":true}]}}