{"id":57,"date":"2020-02-12T22:20:29","date_gmt":"2020-02-12T21:20:29","guid":{"rendered":"http:\/\/www.autoscool-clermont.com\/lblum\/?page_id=57"},"modified":"2021-01-27T17:19:33","modified_gmt":"2021-01-27T16:19:33","slug":"code-de-la-route","status":"publish","type":"page","link":"https:\/\/www.autoscool-clermont.com\/lblum\/index.php\/formations\/code-de-la-route\/","title":{"rendered":"Code de la route"},"content":{"rendered":"<table border=\"0\">\n<tbody>\n<tr>\n<td>\n<h3><span style=\"color: #ff0000;\"><a style=\"color: #ff0000;\" href=\"http:\/\/www.autoscool-clermont.com\/wp-content\/uploads\/2011\/05\/accept_page.png\"><img loading=\"lazy\" decoding=\"async\" class=\"alignleft size-full wp-image-252\" title=\"accept_page\" src=\"http:\/\/www.autoscool-clermont.com\/wp-content\/uploads\/2011\/05\/accept_page.png\" alt=\"\" width=\"110\" height=\"110\" \/><\/a>Pour r\u00e9ussir l&rsquo;examen<\/span><\/h3>\n<ul>\n<li><span style=\"color: #000000;\">QCM (Questionnaire \u00e0 Choix Multiples)<\/span><\/li>\n<li><span style=\"color: #000000;\">il faut 35 bonnes r\u00e9ponses (ou plus) sur 40 pour r\u00e9ussir<\/span><\/li>\n<li><span style=\"color: #000000;\">de 1 \u00e0 3 r\u00e9ponses exactes par question<\/span><\/li>\n<li><span style=\"color: #000000;\">l\u2019aspect comportemental est important (confiance en soi, respect des autres&#8230;)<\/span><\/li>\n<li><span style=\"color: #000000;\">ne pas n\u00e9gliger les th\u00e8mes d\u2019actualit\u00e9s (tunnels, \u00e9conomie d\u2019\u00e9nergie, etc.)<\/span><\/li>\n<\/ul>\n<h3><span style=\"color: #ff0000;\">Validit\u00e9 de l\u2019examen<\/span><\/h3>\n<ul>\n<li><span style=\"color: #000000;\">5 ans<\/span><\/li>\n<\/ul>\n<h3><span style=\"color: #ff0000;\">Les d\u00e9lais administratifs<\/span><\/h3>\n<p>Apr\u00e8s enregistrement du dossier par l\u2019administration<\/p>\n<ul>\n<li>Aucun d\u00e9lai\u00a0pour se pr\u00e9senter \u00e0 l\u2019examen du code<\/li>\n<\/ul>\n<h3><a href=\"http:\/\/www.autoscool-clermont.com\/wp-content\/uploads\/2011\/05\/Clock_New1.png\"><img loading=\"lazy\" decoding=\"async\" class=\"alignleft size-full wp-image-256\" title=\"Clock_New1\" src=\"http:\/\/www.autoscool-clermont.com\/wp-content\/uploads\/2011\/05\/Clock_New1.png\" alt=\"\" width=\"80\" height=\"80\" \/><\/a><span style=\"color: #ff0000;\">Dur\u00e9e des formations<\/span><\/h3>\n<ul>\n<li>Entre 2 et 4 mois pour un premier permis<\/li>\n<li>Entre 1 \u00e0 2 mois pour un permis suppl\u00e9mentaire<\/li>\n<\/ul>\n<h3><span style=\"color: #ff0000;\">Apprendre \u00e0 l\u2019auto-\u00e9cole&#8230;<\/span><\/h3>\n<ul>\n<li>S\u00e9ances collectives du lundi au vendredi \u00e0 15h, 16h et 17h<\/li>\n<li>Cours de formation<\/li>\n<li>Tests d\u2019\u00e9valuation<\/li>\n<li>Important : corrections des tests de code avec un moniteur diplom\u00e9<\/li>\n<\/ul>\n<h3><span style=\"color: #ff0000;\">&#8230;et s&rsquo;entra\u00eener \u00e0 la maison<\/span><\/h3>\n<ul>\n<li>Livre de code (Autoguide Rousseau) 20 \u20ac<\/li>\n<li>Acc\u00e8s au code par internet (Easy Web) en compl\u00e9ment de l&rsquo;apprentissage en auto-\u00e9cole : 50 \u20ac<\/li>\n<\/ul>\n<h3><span style=\"color: #ff0000;\">Proc\u00e9d\u00e9s innovants<\/span><\/h3>\n<ul>\n<li>Boitiers de r\u00e9ponse sur le smartphone<\/li>\n<li>S\u00e9ries organis\u00e9es ou th\u00e9matiques et choix du niveau de difficult\u00e9<\/li>\n<li>Banque de donn\u00e9es mise \u00e0 jour r\u00e9guli\u00e8rement<\/li>\n<li>Suivi de la progression des \u00e9l\u00e8ves et bilan d\u00e9taill\u00e9s<\/li>\n<li>Analyse des r\u00e9sultats et choix d\u2019une date d\u2019examen<\/li>\n<\/ul>\n<\/td>\n<td style=\"text-align: center;\"><a title=\"Formation en ligne code de la route\" href=\"https:\/\/public.codesrousseau.fr\/\" target=\"_blank\" rel=\"noopener noreferrer\"><img loading=\"lazy\" decoding=\"async\" class=\"alignnone wp-image-89 size-full\" title=\"bloc_hp_vertical\" src=\"http:\/\/www.autoscool-clermont.com\/wp-content\/uploads\/2011\/05\/bloc_hp_vertical.jpg\" alt=\"\" width=\"118\" height=\"261\" \/><\/a><br \/>\n<a href=\"http:\/\/www.autoscool-clermont.com\/wp-content\/uploads\/2011\/05\/img4.jpg\"><img loading=\"lazy\" decoding=\"async\" class=\"alignnone size-full wp-image-326\" title=\"img4\" src=\"http:\/\/www.autoscool-clermont.com\/wp-content\/uploads\/2011\/05\/img4.jpg\" alt=\"\" width=\"90\" height=\"90\" \/><\/a><\/p>\n<p><a href=\"http:\/\/www.autoscool-clermont.com\/wp-content\/uploads\/2011\/05\/img1.jpg\"><img loading=\"lazy\" decoding=\"async\" class=\"alignnone size-full wp-image-327\" title=\"img1\" src=\"http:\/\/www.autoscool-clermont.com\/wp-content\/uploads\/2011\/05\/img1.jpg\" alt=\"\" width=\"90\" height=\"90\" \/><\/a><\/p>\n<p><a href=\"http:\/\/www.autoscool-clermont.com\/wp-content\/uploads\/2011\/05\/img3.jpg\"><img loading=\"lazy\" decoding=\"async\" class=\"alignnone size-full wp-image-328\" title=\"img3\" src=\"http:\/\/www.autoscool-clermont.com\/wp-content\/uploads\/2011\/05\/img3.jpg\" alt=\"\" width=\"90\" height=\"90\" \/><\/a><\/td>\n<\/tr>\n<\/tbody>\n<\/table>\n","protected":false},"excerpt":{"rendered":"<p>Pour r\u00e9ussir l&rsquo;examen QCM (Questionnaire \u00e0 Choix Multiples) il faut 35 bonnes r\u00e9ponses (ou plus) sur 40 pour r\u00e9ussir de 1 \u00e0 3 r\u00e9ponses exactes par question l\u2019aspect comportemental est important (confiance en soi, respect des autres&#8230;) ne pas n\u00e9gliger les th\u00e8mes d\u2019actualit\u00e9s (tunnels, \u00e9conomie d\u2019\u00e9nergie, etc.) Validit\u00e9 de l\u2019examen 5 ans Les d\u00e9lais administratifs &#8230; <a title=\"Code de la route\" class=\"read-more\" href=\"https:\/\/www.autoscool-clermont.com\/lblum\/index.php\/formations\/code-de-la-route\/\" aria-label=\"En savoir plus sur Code de la route\">Lire la suite<\/a><\/p>\n","protected":false},"author":1,"featured_media":0,"parent":53,"menu_order":1,"comment_status":"closed","ping_status":"closed","template":"","meta":{"footnotes":""},"_links":{"self":[{"href":"https:\/\/www.autoscool-clermont.com\/lblum\/index.php\/wp-json\/wp\/v2\/pages\/57"}],"collection":[{"href":"https:\/\/www.autoscool-clermont.com\/lblum\/index.php\/wp-json\/wp\/v2\/pages"}],"about":[{"href":"https:\/\/www.autoscool-clermont.com\/lblum\/index.php\/wp-json\/wp\/v2\/types\/page"}],"author":[{"embeddable":true,"href":"https:\/\/www.autoscool-clermont.com\/lblum\/index.php\/wp-json\/wp\/v2\/users\/1"}],"replies":[{"embeddable":true,"href":"https:\/\/www.autoscool-clermont.com\/lblum\/index.php\/wp-json\/wp\/v2\/comments?post=57"}],"version-history":[{"count":6,"href":"https:\/\/www.autoscool-clermont.com\/lblum\/index.php\/wp-json\/wp\/v2\/pages\/57\/revisions"}],"predecessor-version":[{"id":256,"href":"https:\/\/www.autoscool-clermont.com\/lblum\/index.php\/wp-json\/wp\/v2\/pages\/57\/revisions\/256"}],"up":[{"embeddable":true,"href":"https:\/\/www.autoscool-clermont.com\/lblum\/index.php\/wp-json\/wp\/v2\/pages\/53"}],"wp:attachment":[{"href":"https:\/\/www.autoscool-clermont.com\/lblum\/index.php\/wp-json\/wp\/v2\/media?parent=57"}],"curies":[{"name":"wp","href":"https:\/\/api.w.org\/{rel}","templated":true}]}}