{"id":6,"date":"2020-02-12T20:09:16","date_gmt":"2020-02-12T19:09:16","guid":{"rendered":"http:\/\/www.autoscool-clermont.com\/lblum\/?page_id=6"},"modified":"2025-09-20T08:27:09","modified_gmt":"2025-09-20T06:27:09","slug":"6-2","status":"publish","type":"page","link":"https:\/\/www.autoscool-clermont.com\/lblum\/","title":{"rendered":"Agence Leon Blum"},"content":{"rendered":"<p><center><div id=\"metaslider-id-37\" style=\"max-width: 900px;\" class=\"ml-slider-3-60-1 metaslider metaslider-flex metaslider-37 ml-slider ms-theme-default\" role=\"region\" aria-roledescription=\"Slideshow\" aria-label=\"New Slideshow\">\n    <div id=\"metaslider_container_37\">\n        <div id=\"metaslider_37\">\n            <ul aria-live=\"polite\" class=\"slides\">\n                <li style=\"display: block; width: 100%;\" class=\"slide-191 ms-image\" aria-roledescription=\"slide\" aria-label=\"slide-191\"><img loading=\"lazy\" decoding=\"async\" src=\"https:\/\/www.autoscool-clermont.com\/lblum\/wp-content\/uploads\/2021\/03\/IMG_1060-800x355.jpg\" height=\"400\" width=\"900\" alt=\"\" class=\"slider-37 slide-191\" title=\"IMG_1060\" \/><\/li>\n                <li style=\"display: none; width: 100%;\" class=\"slide-263 ms-image\" aria-roledescription=\"slide\" aria-label=\"slide-263\"><img loading=\"lazy\" decoding=\"async\" src=\"https:\/\/www.autoscool-clermont.com\/lblum\/wp-content\/uploads\/2020\/02\/scoot2-832x370.jpg\" height=\"400\" width=\"900\" alt=\"\" class=\"slider-37 slide-263\" title=\"scoot2\" \/><\/li>\n                <li style=\"display: none; width: 100%;\" class=\"slide-264 ms-image\" aria-roledescription=\"slide\" aria-label=\"slide-264\"><img loading=\"lazy\" decoding=\"async\" src=\"https:\/\/www.autoscool-clermont.com\/lblum\/wp-content\/uploads\/2020\/02\/scoot211-828x368.jpg\" height=\"400\" width=\"900\" alt=\"\" class=\"slider-37 slide-264\" title=\"scoot211\" \/><\/li>\n            <\/ul>\n        <\/div>\n        \n    <\/div>\n<\/div><\/center><\/p>\n<table style=\"height: 217px; text-align: center; margin-right: auto; margin-left: auto; border: 0px;\">\n<tbody>\n<tr>\n<td style=\"text-align: left; width: 70%;\"><span style=\"font-size: medium; color: #ff6600;\"><span style=\"font-size: medium; color: #ff6600;\"><span style=\"font-size: medium; color: #ff6600;\"><em><strong><a title=\"Contact\" href=\"http:\/\/www.autoscool-clermont.com\/contact\/\"><img decoding=\"async\" class=\"alignleft size-full wp-image-240\" style=\"border: 0px solid; width: 72px; height: 72px; float: left;\" title=\"map\" src=\"http:\/\/www.autoscool-clermont.com\/wp-content\/uploads\/2011\/04\/map.png\" alt=\"\" \/><\/a>Auto\u2019Scool &#8211; Auto-\u00e9cole L\u00e9on Blum<\/strong><\/em><\/span><\/span><\/span><br \/>\nest implant\u00e9e au <strong>coeur<\/strong> des <strong>r\u00e9sidences \u00e9tudiantes <\/strong>de <strong>Clermont-Ferrand<\/strong>, \u00e0 deux pas du campus des C\u00e9zeaux.<br \/>\nGuillaume et son \u00e9quipe vous proposent des <strong>formations <\/strong>s\u00e9rieuses au <strong>code de la route et \u00e0 la conduite<\/strong>.Vous souhaitez <strong>apprendre \u00e0 conduire<\/strong> dans les meilleures conditions? Adressez-vous \u00e0 ce sp\u00e9cialiste de la conduite en toute s\u00e9curit\u00e9. Ici, vous serez\u00a0form\u00e9 pour <strong>le\u00a0permis voiture<\/strong>, la <strong>conduite accompagn\u00e9e \u00e0 partir de 15 ans, la conduite supervis\u00e9e<\/strong>, <strong>en cas d&rsquo;annulation de permis<\/strong>, ou encore pour du <strong>perfectionnement.<\/strong>Vous pouvez \u00e9galement nous consulter pour <strong>la\u00a0formation cyclomoteur &#8211; Am (ex BSR)<\/strong><\/p>\n<p style=\"text-align: center;\"><span style=\"font-size: medium;\"><strong><span style=\"color: #ff6600;\"><em><span style=\"font-size: small;\"><br \/>\nMerci de prendre contact pour tout renseignement suppl\u00e9mentaire, tout sera mis en oeuvre pour r\u00e9pondre au plus vite \u00e0 vos attentes<\/span><\/em><\/span><\/strong><\/span><\/p>\n<\/td>\n<td style=\"width: 30%;\"><a href=\"http:\/\/www.autoscool-clermont.com\/wp-content\/uploads\/2011\/04\/panno.png\"><img decoding=\"async\" class=\"alignright size-full wp-image-246\" style=\"border: 0px solid; margin-left: -2px; margin-right: -2px; width: 59px; height: 115px; float: right;\" title=\"panno\" src=\"http:\/\/www.autoscool-clermont.com\/wp-content\/uploads\/2011\/04\/panno.png\" alt=\"\" \/><\/a><span style=\"color: #ff6600; font-size: medium;\"><em><strong>A<\/strong><\/em><\/span><span style=\"color: #ff6600; font-size: medium;\"><span style=\"color: #ff6600; font-size: medium;\"><span style=\"color: #ff6600; font-size: medium;\"><em><strong>uto\u2019Scool &#8211; Auto-\u00e9cole L\u00e9on Blum<\/strong><\/em><\/span><\/span><\/span><\/p>\n<p style=\"text-align: justify;\"><span style=\"color: #000000;\">Une \u00e9quipe de formateurs qualifi\u00e9s et exp\u00e9riment\u00e9s vous proposent une formation s\u00e9rieuse et parfaitement ma\u00eetris\u00e9e du code de la route et de la conduite automobile. Auto&rsquo;Scool vous accueille le <strong>lundi et le vendredi de 14h \u00e0 17h, le mercredi de 15h00 \u00e0 18h00, et le samedi matin sur rendez-vous.<br \/>\n<\/strong><\/span><\/p>\n<p style=\"text-align: center;\"><span style=\"color: #ff9900;\"><span style=\"font-size: medium;\"><em>Choisissez une<br \/>\nformation de qualit\u00e9 <\/em><\/span><span style=\"font-size: medium;\"><em>en<br \/>\ntoute d\u00e9contraction, pour une conduite sereine <\/em><\/span><strong><span style=\"font-size: medium;\"><em>!<\/em><\/span><\/strong><\/span><\/p>\n<\/td>\n<\/tr>\n<tr>\n<td style=\"vertical-align: top; width: 650px;\"><span style=\"color: #000000;\">Afin de financer votre permis, plusieurs dispositifs sont \u00e0 votre disposition:<\/span><center>Le Permis \u00e0 1\u20ac\/jour<\/center><center><center><a href=\"http:\/\/www.autoscool-clermont.com\/le-permis-a-1ejour\/\"><img loading=\"lazy\" decoding=\"async\" class=\"alignnone size-medium wp-image-1118\" src=\"http:\/\/www.autoscool-clermont.com\/wp-content\/uploads\/2014\/11\/1\u20ac-300x191.png\" alt=\"1\u20ac\" width=\"200\" height=\"127\" \/><\/a><\/center><\/center><center>Mon Compte Formation<\/center><center><\/center><br \/>\n<a href=\"https:\/\/www.moncompteformation.gouv.fr\/espace-prive\/html\/#\/formation\/recherche\/modalite\/localite\/resultats?q=%7B%22ou%22:%7B%22modality%22:%22EN_CENTRE_MIXTE%22,%22type%22:%22CP%22,%22ville%22:%7B%22nom%22:%22CLERMONT%20FERRAND%22,%22codePostal%22:%2263000%22,%22codeInsee%22:%2263113%22,%22coordonnee%22:%7B%22longitude%22:3.1155334,%22latitude%22:45.785908%7D,%22eligibleCpf%22:true%7D%7D,%22debutPagination%22:1,%22nombreOccurences%22:6,%22quoiReferentiel%22:%7B%22code%22:%22CPF206%22,%22libelle%22:%22PERMIS%20B%22,%22publics%22:%5B%22GD_PUBLIC%22%5D,%22type%22:%22CERTIFICATION%22%7D,%22quoi%22:null,%22certifications%22:null,%22contexteFormation%22:%22ACTIVITE_PROFESSIONNELLE%22,%22distance%22:5,%22nomOrganisme%22:%22A.S.%20FORMATION%20CONDUITE%22,%22conformiteReglementaire%22:null,%22endDate%22:null,%22startDate%22:null,%22evaluation%22:null,%22niveauSortie%22:null,%22prix%22:null,%22rythme%22:null,%22onlyWithAbondementsEligibles%22:false,%22durationHours%22:null%7D\" target=\"_blank\" rel=\"noopener noreferrer\"><img loading=\"lazy\" decoding=\"async\" class=\"alignnone wp-image-1831\" src=\"http:\/\/www.autoscool-clermont.com\/wp-content\/uploads\/2020\/10\/OIP.jpg\" alt=\"\" width=\"244\" height=\"120\" \/><\/a><\/p>\n<div style=\"text-align: center;\"><big><big><a href=\"http:\/\/www.t2c.fr\/votre-trajet\/votre-itineraire\">Venir chez Auto\u2019Scool en Tram et en Bus<\/a><\/big><\/big><\/div>\n<div style=\"text-align: center;\"><\/div>\n<div id=\"codesRousseau_badge\"><script>while(document.querySelectorAll(\"[data-codesrousseau_name='codesRousseau_Adds']\").length!=0){document.querySelectorAll(\"[data-codesrousseau_name='codesRousseau_Adds']\")[0].remove()};var codesRousseau_script=document.createElement(\"script\");codesRousseau_script.src=\"https:\/\/eleve.codesrousseau.fr\/vues\/acces_eleve\/js\/badge.js\";codesRousseau_script.onload=codesRousseau_scritpReady;codesRousseau_script.dataset.codesrousseau_name=\"codesRousseau_Adds\";document.head.appendChild(codesRousseau_script);function codesRousseau_scritpReady(){codesRousseau_init()};<\/script><\/div>\n<\/td>\n<td style=\"width: 30%;\"><center><a href=\"http:\/\/www.autoscool-clermont.com\/lblum\/wp-content\/uploads\/2015\/10\/blum3.jpg\"><img loading=\"lazy\" decoding=\"async\" class=\"alignnone wp-image-879 size-medium\" src=\"http:\/\/www.autoscool-clermont.com\/lblum\/wp-content\/uploads\/2015\/10\/blum3.jpg\" alt=\"permis-voiture\" width=\"260\" height=\"460\" \/><\/a><\/center><\/td>\n<\/tr>\n<\/tbody>\n<\/table>\n<div style=\"text-align: center;\">\n<p><small><small><small><small>Agr\u00e9ment: E 15 063 0008 0 Num\u00e9ro Siret: 78999081900029 Num TVA intra: FR 84789990819 &#8211; SARL AS FORMATION CONDUITE au capital de 10 000 \u20ac <\/small><\/small><\/small><\/small><\/p>\n<\/div>\n","protected":false},"excerpt":{"rendered":"<p>Auto\u2019Scool &#8211; Auto-\u00e9cole L\u00e9on Blum est implant\u00e9e au coeur des r\u00e9sidences \u00e9tudiantes de Clermont-Ferrand, \u00e0 deux pas du campus des C\u00e9zeaux. Guillaume et son \u00e9quipe vous proposent des formations s\u00e9rieuses au code de la route et \u00e0 la conduite.Vous souhaitez apprendre \u00e0 conduire dans les meilleures conditions? Adressez-vous \u00e0 ce sp\u00e9cialiste de la conduite en &#8230; <a title=\"Agence Leon Blum\" class=\"read-more\" href=\"https:\/\/www.autoscool-clermont.com\/lblum\/\" aria-label=\"En savoir plus sur Agence Leon Blum\">Lire la suite<\/a><\/p>\n","protected":false},"author":1,"featured_media":0,"parent":0,"menu_order":0,"comment_status":"closed","ping_status":"closed","template":"","meta":{"footnotes":""},"_links":{"self":[{"href":"https:\/\/www.autoscool-clermont.com\/lblum\/index.php\/wp-json\/wp\/v2\/pages\/6"}],"collection":[{"href":"https:\/\/www.autoscool-clermont.com\/lblum\/index.php\/wp-json\/wp\/v2\/pages"}],"about":[{"href":"https:\/\/www.autoscool-clermont.com\/lblum\/index.php\/wp-json\/wp\/v2\/types\/page"}],"author":[{"embeddable":true,"href":"https:\/\/www.autoscool-clermont.com\/lblum\/index.php\/wp-json\/wp\/v2\/users\/1"}],"replies":[{"embeddable":true,"href":"https:\/\/www.autoscool-clermont.com\/lblum\/index.php\/wp-json\/wp\/v2\/comments?post=6"}],"version-history":[{"count":36,"href":"https:\/\/www.autoscool-clermont.com\/lblum\/index.php\/wp-json\/wp\/v2\/pages\/6\/revisions"}],"predecessor-version":[{"id":351,"href":"https:\/\/www.autoscool-clermont.com\/lblum\/index.php\/wp-json\/wp\/v2\/pages\/6\/revisions\/351"}],"wp:attachment":[{"href":"https:\/\/www.autoscool-clermont.com\/lblum\/index.php\/wp-json\/wp\/v2\/media?parent=6"}],"curies":[{"name":"wp","href":"https:\/\/api.w.org\/{rel}","templated":true}]}}