{"id":61,"date":"2020-02-12T22:22:21","date_gmt":"2020-02-12T21:22:21","guid":{"rendered":"http:\/\/www.autoscool-clermont.com\/lblum\/?page_id=61"},"modified":"2024-11-13T12:23:15","modified_gmt":"2024-11-13T11:23:15","slug":"conduite-traditionnelle","status":"publish","type":"page","link":"https:\/\/www.autoscool-clermont.com\/lblum\/index.php\/formations\/conduite-traditionnelle\/","title":{"rendered":"Conduite traditionnelle"},"content":{"rendered":"<h2><span style=\"color: #ff6600;\">LA FORMATION VOITURE TRADITIONNELLE<\/span><\/h2>\n<h3><span style=\"color: #ff6600;\"><strong>Evaluation de d\u00e9part :<\/strong><\/span><\/h3>\n<p><span style=\"color: #000000;\">Une <strong>\u00e9valuation de d\u00e9part<\/strong> doit avoir lieu pr\u00e9alablement \u00e0 la formation. Il s\u2019agit pour l\u2019auto-\u00e9cole d\u2019\u00e9valuer le volume pr\u00e9visionnel de votre formation en fonction de vos aptitudes. Le nombre obligatoire de le\u00e7ons de conduite ne pourra pas \u00eatre inf\u00e9rieure \u00e0<strong> 20 heures (13h en formation boite automatique)<\/strong>\u00a0; il s\u2019agit d\u2019un minimum r\u00e9glementaire. <strong>Le volume moyen g\u00e9n\u00e9ralement constat\u00e9 se situe le plus souvent entre 30 et 35 heures.<\/strong><\/span><\/p>\n<p><span style=\"color: #000000;\">L\u2019\u00e9valuation de d\u00e9part d\u00e9termine le volume d\u2019heures pr\u00e9visionnel n\u00e9cessaire \u00e0 la formation. Elle est <strong>effectu\u00e9e soit en voiture<\/strong> avec un formateur par le biais d\u2019une fiche d\u2019\u00e9valuation, <strong>soit sur un ordinateur<\/strong> avec le logiciel Observer \u00e9valuation. L\u2019\u00e9valuation est men\u00e9e selon des crit\u00e8res objectifs.<\/span><br \/>\n<span style=\"color: #000000;\"> Il n\u2019existe pas de minimum obligatoire de cours de code. Il est possible de commencer les cours th\u00e9oriques d\u00e8s votre inscription \u00e0 l\u2019auto-\u00e9cole.<\/span><\/p>\n<p><span style=\"color: #000000;\">Les le\u00e7ons de conduite peuvent d\u00e9buter d\u00e8s la r\u00e9alisation du dossier <strong>\u00ab\u00a0Attestation d&rsquo;inscription au permis de conduire\u00a0\u00bb.<\/strong><\/span><\/p>\n<p><span style=\"color: #000000;\"><strong>Le livret d\u2019apprentissage num\u00e9rique<\/strong> vous permettra de suivre votre progression et d\u2019\u00e9valuer vos progr\u00e8s \u00e0 travers les 4 comp\u00e9tences qui jalonnent la formation. Il vous indique ce que sera votre formation : le but, les principes g\u00e9n\u00e9raux, le calendrier de la formation.<\/span><\/p>\n<h3><span style=\"color: #ff6600;\"><strong><span style=\"color: #ff6600;\">But et principes g\u00e9n\u00e9raux de la formation :<\/span><\/strong><\/span><\/h3>\n<p><span style=\"color: #000000;\">Apprendre \u00e0 conduire en toute s\u00e9curit\u00e9 n\u2019est pas uniquement apprendre \u00e0 se servir des commandes : volant et p\u00e9dales.<\/span><br \/>\n<span style=\"color: #000000;\"> En r\u00e9alit\u00e9, <strong>savoir conduire c\u2019est \u00eatre capable de conduire une voiture sans mettre en danger sa s\u00e9curit\u00e9 ni celle des autres.<\/strong><\/span><br \/>\n<span style=\"color: #000000;\"> Pour cela votre formateur vous apprendra \u00e0 :<\/span><\/p>\n<ul>\n<li><span style=\"color: #000000;\"><a style=\"color: #000000;\" href=\"http:\/\/www.autoscool-clermont.com\/wp-content\/uploads\/2011\/05\/rond_a.jpg\"><img loading=\"lazy\" decoding=\"async\" class=\"alignright size-full wp-image-330\" title=\"rond_a\" src=\"http:\/\/www.autoscool-clermont.com\/wp-content\/uploads\/2011\/05\/rond_a.jpg\" alt=\"\" width=\"95\" height=\"93\" \/><\/a>observer l\u2019environnement<\/span><\/li>\n<li><span style=\"color: #000000;\">comprendre ce que vous voyez<\/span><\/li>\n<li><span style=\"color: #000000;\">vous d\u00e9cider en fonction de ce que vous avez vu<\/span><\/li>\n<li><span style=\"color: #000000;\">agir pour mettre en \u0153uvre votre d\u00e9cision.<\/span><\/li>\n<\/ul>\n<p><span style=\"color: #000000;\">C\u2019est seulement au terme de la validation des 4 comp\u00e9tences de votre livret d\u2019apprentissage que vous \u00eates susceptible d\u2019\u00eatre pr\u00e9sent\u00e9 \u00e0 l\u2019examen pratique.<\/span><\/p>\n<ul>\n<li><strong>Comp\u00e9tence 1\u202f<\/strong>: Ma\u00eetriser le maniement du v\u00e9hicule dans un trafic faible ou nul\u202f:\n<ul>\n<li>S\u2019installer au poste de conduite\u202f: le si\u00e8ge, les r\u00e9troviseurs, les syst\u00e8mes de retenue<\/li>\n<li>Conna\u00eetre les principaux organes de la voiture\u202f: la cha\u00eene cin\u00e9matique, l\u2019embrayage, la bo\u00eete de vitesses, les p\u00e9dales<\/li>\n<li>D\u00e9marrer et s\u2019arr\u00eater\u202f: la mise en route du moteur, les d\u00e9marrages, la marche lente, l\u2019arr\u00eat<\/li>\n<li>Tourner le volant et maintenir la trajectoire\u202f: le volant et le regard<\/li>\n<li>Utiliser la bo\u00eete de vitesses\u202f: le point mort, l\u2019utilisation des vitesses, la bo\u00eete automatique<\/li>\n<li>Regarder autour de soi\u202f: les r\u00e9troviseurs et les angles morts<\/li>\n<\/ul>\n<\/li>\n<\/ul>\n<ul>\n<li><strong>Comp\u00e9tence 2\u202f<\/strong>: Appr\u00e9hender la route et circuler dans des conditions normales\n<ul>\n<li>Positionner le v\u00e9hicule sur la chauss\u00e9e\u202f: les placements<\/li>\n<li>Franchir les ronds-points<\/li>\n<li>Franchir les intersections suivant le r\u00e9gime de priorit\u00e9 et y changer de direction<\/li>\n<\/ul>\n<\/li>\n<\/ul>\n<ul>\n<li><strong>Comp\u00e9tence\u00a03\u202f<\/strong>:\u00a0Circuler dans des conditions difficiles et partager la route avec les autres usagers\n<ul>\n<li>Evaluer et maintenir les distances de s\u00e9curit\u00e9\u202f: \u00e9valuer la distance en roulant<\/li>\n<li>D\u00e9passer et \u00eatre d\u00e9pass\u00e9<\/li>\n<li>Passer les virages\u202f: la force centrifuge et la trajectoire<\/li>\n<li>S\u2019ins\u00e9rer\u202f:\u00a0circuler et sortir d\u2019une voie rapide<\/li>\n<\/ul>\n<\/li>\n<\/ul>\n<ul>\n<li><strong>Comp\u00e9tence\u00a04\u202f<\/strong>: Effectuer les man\u0153uvres\n<ul>\n<li>Effectuer une marche arri\u00e8re et un demi-tour<\/li>\n<li>S\u2019arr\u00eater et stationner en \u00e9pi, en bataille et en cr\u00e9neau<\/li>\n<li>Quitter un stationnement<\/li>\n<li>Les man\u0153uvres \u00e0 l\u2019examen<\/li>\n<\/ul>\n<\/li>\n<\/ul>\n","protected":false},"excerpt":{"rendered":"<p>LA FORMATION VOITURE TRADITIONNELLE Evaluation de d\u00e9part : Une \u00e9valuation de d\u00e9part doit avoir lieu pr\u00e9alablement \u00e0 la formation. Il s\u2019agit pour l\u2019auto-\u00e9cole d\u2019\u00e9valuer le volume pr\u00e9visionnel de votre formation en fonction de vos aptitudes. Le nombre obligatoire de le\u00e7ons de conduite ne pourra pas \u00eatre inf\u00e9rieure \u00e0 20 heures (13h en formation boite automatique)\u00a0; &#8230; <a title=\"Conduite traditionnelle\" class=\"read-more\" href=\"https:\/\/www.autoscool-clermont.com\/lblum\/index.php\/formations\/conduite-traditionnelle\/\" aria-label=\"En savoir plus sur Conduite traditionnelle\">Lire la suite<\/a><\/p>\n","protected":false},"author":1,"featured_media":0,"parent":53,"menu_order":2,"comment_status":"closed","ping_status":"closed","template":"","meta":{"footnotes":""},"_links":{"self":[{"href":"https:\/\/www.autoscool-clermont.com\/lblum\/index.php\/wp-json\/wp\/v2\/pages\/61"}],"collection":[{"href":"https:\/\/www.autoscool-clermont.com\/lblum\/index.php\/wp-json\/wp\/v2\/pages"}],"about":[{"href":"https:\/\/www.autoscool-clermont.com\/lblum\/index.php\/wp-json\/wp\/v2\/types\/page"}],"author":[{"embeddable":true,"href":"https:\/\/www.autoscool-clermont.com\/lblum\/index.php\/wp-json\/wp\/v2\/users\/1"}],"replies":[{"embeddable":true,"href":"https:\/\/www.autoscool-clermont.com\/lblum\/index.php\/wp-json\/wp\/v2\/comments?post=61"}],"version-history":[{"count":3,"href":"https:\/\/www.autoscool-clermont.com\/lblum\/index.php\/wp-json\/wp\/v2\/pages\/61\/revisions"}],"predecessor-version":[{"id":330,"href":"https:\/\/www.autoscool-clermont.com\/lblum\/index.php\/wp-json\/wp\/v2\/pages\/61\/revisions\/330"}],"up":[{"embeddable":true,"href":"https:\/\/www.autoscool-clermont.com\/lblum\/index.php\/wp-json\/wp\/v2\/pages\/53"}],"wp:attachment":[{"href":"https:\/\/www.autoscool-clermont.com\/lblum\/index.php\/wp-json\/wp\/v2\/media?parent=61"}],"curies":[{"name":"wp","href":"https:\/\/api.w.org\/{rel}","templated":true}]}}