{"id":68,"date":"2020-02-12T22:24:10","date_gmt":"2020-02-12T21:24:10","guid":{"rendered":"http:\/\/www.autoscool-clermont.com\/lblum\/?page_id=68"},"modified":"2020-02-12T22:24:10","modified_gmt":"2020-02-12T21:24:10","slug":"perfectionnement","status":"publish","type":"page","link":"https:\/\/www.autoscool-clermont.com\/lblum\/index.php\/formations\/perfectionnement\/","title":{"rendered":"Perfectionnement"},"content":{"rendered":"<h3><strong><a href=\"http:\/\/www.autoscool-clermont.com\/wp-content\/uploads\/2011\/05\/transportation_car_32.png\"><img loading=\"lazy\" decoding=\"async\" width=\"32\" height=\"32\" title=\"transportation_car_32\" class=\"size-full wp-image-321 alignnone\" alt=\"\" src=\"http:\/\/www.autoscool-clermont.com\/wp-content\/uploads\/2011\/05\/transportation_car_32.png\"><\/a> <span style=\"color: #ff6600;\">Le perfectionnement \u00e0 la conduite<\/span><\/strong><\/h3>\n<p><a href=\"http:\/\/www.autoscool-clermont.com\/wp-content\/uploads\/2011\/05\/stage-recuperation-points.jpg\"><img loading=\"lazy\" decoding=\"async\" width=\"250\" height=\"166\" title=\"stage-recuperation-points\" class=\"alignright size-full wp-image-323\" alt=\"\" src=\"http:\/\/www.autoscool-clermont.com\/wp-content\/uploads\/2011\/05\/stage-recuperation-points.jpg\"><\/a>Vous avez votre permis de conduire mais vous n\u2019avez pas conduit depuis longtemps ou vous conduisez tr\u00e8s occasionnellement ,<br \/>\nVous \u00eates jeune conducteur, vous manquez d\u2019exp\u00e9rience,<br \/>\nVous ne vous sentez pas \u00e0 l\u2019aise dans certaines situations (sous la pluie, en agglom\u00e9ration lorsque la circulation est dense, sur autoroute \u00e0 plus grande vitesse\u2026)<\/p>\n<p><strong>Auto&rsquo;Scool est l\u00e0 aussi pour vous aider \u00e0 perfectionner votre conduite<\/strong>.<\/p>\n<p><span style=\"color: #ff6600;\"><strong>Ce qu&rsquo;il faut savoir :<\/strong><\/span><\/p>\n<p>&#8211; l\u2019erreur humaine est la principale cause d\u2019accident &#8211; la plupart des accidents de la route sont dus \u00e0 une erreur de comportement ou de man\u0153uvre au volant. L\u2019alcool et la vitesse restent encore les principaux facteurs d\u2019accidents mais ils ne constituent pas les seuls dangers. Par exemple, rel\u00e2cher son attention, oublier certains r\u00e9flexes essentiels repr\u00e9sentent aussi un vrai risque pour soi et les autres, ou ne pas respecter les distances de s\u00e9curit\u00e9, oublier d&rsquo;attacher sa ceinture \u00e0 l\u2019avant comme \u00e0 l\u2019arri\u00e8re, ne pas ralentir suffisamment en cas de brouillard ou de pluie\u2026 risquer l&rsquo;endormissement&#8230;<\/p>\n<p><span style=\"color: #000000;\"><strong>Quelques chiffres \u00e9loquents*:<\/strong><\/span><\/p>\n<p><span style=\"color: #000000;\">&#8211; l\u2019alcool est pr\u00e9sent dans environ 10 % des accidents corporels et dans pr\u00e8s d\u2019un tiers des accidents mortels,<\/span><br \/>\n<span style=\"color: #000000;\"> &#8211; la vitesse intervient dans un accident mortel sur 5 : vitesse excessive ou inadapt\u00e9e aux conditions de circulation, aux conditions m\u00e9t\u00e9orologiques, \u00e0 l\u2019\u00e9tat de la chauss\u00e9e ou du v\u00e9hicule,<\/span><br \/>\n<span style=\"color: #000000;\"> &#8211; 15 % des passagers ne portent pas leur ceinture \u00e0 l\u2019arri\u00e8re, alors qu\u2019il est prouv\u00e9 que la ceinture divise par 2 le risque d\u2019\u00eatre tu\u00e9 ou bless\u00e9 gravement dans un accident de voiture,<\/span><br \/>\n<span style=\"color: #000000;\"> &#8211; utiliser son t\u00e9l\u00e9phone portable au volant, m\u00eame avec un dispositif \u201cmains libres\u201d, multiplie par 4 le risque d\u2019accident,<\/span><br \/>\n<span style=\"color: #000000;\"> &#8211; 2,5 % des accidents mortels sont dus \u00e0 la consommation de cannabis.<\/span><\/p>\n<p><em><strong><span style=\"font-size: xx-small;\">* source : Groupama<\/span><\/strong><\/em><\/p>\n","protected":false},"excerpt":{"rendered":"<p>Le perfectionnement \u00e0 la conduite Vous avez votre permis de conduire mais vous n\u2019avez pas conduit depuis longtemps ou vous conduisez tr\u00e8s occasionnellement , Vous \u00eates jeune conducteur, vous manquez d\u2019exp\u00e9rience, Vous ne vous sentez pas \u00e0 l\u2019aise dans certaines situations (sous la pluie, en agglom\u00e9ration lorsque la circulation est dense, sur autoroute \u00e0 plus &#8230; <a title=\"Perfectionnement\" class=\"read-more\" href=\"https:\/\/www.autoscool-clermont.com\/lblum\/index.php\/formations\/perfectionnement\/\" aria-label=\"En savoir plus sur Perfectionnement\">Lire la suite<\/a><\/p>\n","protected":false},"author":1,"featured_media":0,"parent":53,"menu_order":5,"comment_status":"closed","ping_status":"closed","template":"","meta":{"footnotes":""},"_links":{"self":[{"href":"https:\/\/www.autoscool-clermont.com\/lblum\/index.php\/wp-json\/wp\/v2\/pages\/68"}],"collection":[{"href":"https:\/\/www.autoscool-clermont.com\/lblum\/index.php\/wp-json\/wp\/v2\/pages"}],"about":[{"href":"https:\/\/www.autoscool-clermont.com\/lblum\/index.php\/wp-json\/wp\/v2\/types\/page"}],"author":[{"embeddable":true,"href":"https:\/\/www.autoscool-clermont.com\/lblum\/index.php\/wp-json\/wp\/v2\/users\/1"}],"replies":[{"embeddable":true,"href":"https:\/\/www.autoscool-clermont.com\/lblum\/index.php\/wp-json\/wp\/v2\/comments?post=68"}],"version-history":[{"count":1,"href":"https:\/\/www.autoscool-clermont.com\/lblum\/index.php\/wp-json\/wp\/v2\/pages\/68\/revisions"}],"predecessor-version":[{"id":69,"href":"https:\/\/www.autoscool-clermont.com\/lblum\/index.php\/wp-json\/wp\/v2\/pages\/68\/revisions\/69"}],"up":[{"embeddable":true,"href":"https:\/\/www.autoscool-clermont.com\/lblum\/index.php\/wp-json\/wp\/v2\/pages\/53"}],"wp:attachment":[{"href":"https:\/\/www.autoscool-clermont.com\/lblum\/index.php\/wp-json\/wp\/v2\/media?parent=68"}],"curies":[{"name":"wp","href":"https:\/\/api.w.org\/{rel}","templated":true}]}}