{"id":70,"date":"2020-02-12T22:24:47","date_gmt":"2020-02-12T21:24:47","guid":{"rendered":"http:\/\/www.autoscool-clermont.com\/lblum\/?page_id=70"},"modified":"2024-11-12T17:44:01","modified_gmt":"2024-11-12T16:44:01","slug":"formation-am-bsr","status":"publish","type":"page","link":"https:\/\/www.autoscool-clermont.com\/lblum\/index.php\/formations\/formation-am-bsr\/","title":{"rendered":"Formation AM (BSR)"},"content":{"rendered":"<div><center><big>Prochaine formation : Nous consulter<\/big><\/center><\/div>\n<div><center><span style=\"color: #ff0000; font-size: 1.6em; font-weight: 600; text-align: left;\">LA FORMATION CYCLOMOTEUR (Am)<\/span><strong style=\"color: #ff0000; font-size: 1.4em;\">Une formation pour une meilleure s\u00e9curit\u00e9<\/strong><\/p>\n<p><\/center><\/p>\n<h3><span style=\"color: #ff0000;\"><strong>Principe<\/strong><\/span><\/h3>\n<p><a href=\"http:\/\/www.autoscool-clermont.com\/wp-content\/uploads\/2014\/01\/scooter-yamaha-bws.jpg\"><img loading=\"lazy\" decoding=\"async\" class=\"alignleft size-full wp-image-275\" title=\"livret AAC\" src=\"http:\/\/www.autoscool-clermont.com\/wp-content\/uploads\/2014\/01\/scooter-yamaha-bws.jpg\" alt=\"\" width=\"150\" height=\"150\" \/><\/a>Depuis le 19 janvier 2013, le permis Am remplace le Brevet de S\u00e9curit\u00e9 Routi\u00e8re (B.S.R.). Il est accessible \u00e0 partir de 14 ans et permet de conduire\u00a0:<\/p>\n<p>&#8211;\u00a0\u00a0\u00a0\u00a0\u00a0\u00a0\u00a0\u00a0 un cyclomoteur d&rsquo;une cylindr\u00e9e de 50 cm3 maximum ou d&rsquo;une puissance maximale de 4 kW d\u00e8s l&rsquo;\u00e2ge de 14 ans,<\/p>\n<p>&#8211;\u00a0\u00a0\u00a0\u00a0\u00a0\u00a0\u00a0\u00a0 ou un quadricycle l\u00e9ger \u00e0 moteur d&rsquo;une puissance maximale de 4kw <span style=\"color: #ff0000;\">(voiturettes ou petits quads) d\u00e8s l&rsquo;\u00e2ge de 16 ans.<\/span><\/p>\n<h3><span style=\"color: #ff0000;\"><strong>D\u00e9roulement de la formation<\/strong><\/span><\/h3>\n<p>Cette formation dure 8 heures, et se d\u00e9coupe en trois parties :<\/p>\n<p>&#8211;\u00a0\u00a0\u00a0\u00a0\u00a0\u00a0\u00a0\u00a0 une phase de sensibilisation aux risques de2 heures<br \/>\n&#8211;\u00a0\u00a0\u00a0\u00a0\u00a0\u00a0\u00a0\u00a0 une phase d&rsquo;enseignement hors circulation de 2 heures<br \/>\n&#8211;\u00a0\u00a0\u00a0\u00a0\u00a0\u00a0\u00a0\u00a0 une phase de conduite sur les voies ouvertes \u00e0 la circulation publique de 4 heures<\/p>\n<h3><span style=\"color: #ff0000;\"><strong>Equipement<\/strong><\/span><\/h3>\n<p>Pour participer \u00e0 cette formation, il est n\u00e9cessaire de pr\u00e9voir un \u00e9quipement adapt\u00e9 \u00e0 la pratique du deux roues \u00e0 savoir\u00a0:<\/p>\n<p>&#8211;\u00a0\u00a0\u00a0\u00a0\u00a0\u00a0\u00a0\u00a0 un casque r\u00e9cent et\u00a0homologu\u00e9<br \/>\n&#8211;\u00a0\u00a0\u00a0\u00a0\u00a0\u00a0\u00a0\u00a0 une paire de gants poss\u00e9dant le marquage NF ou CE<br \/>\n&#8211;\u00a0\u00a0\u00a0\u00a0\u00a0\u00a0\u00a0\u00a0 un jean ou pantalon de moto<br \/>\n&#8211;\u00a0\u00a0\u00a0\u00a0\u00a0\u00a0\u00a0\u00a0 des chaussures ferm\u00e9es et montantes<\/p>\n<p>L\u2019\u00e9tablissement fourni le v\u00e9hicule de formation, le gilet r\u00e9fl\u00e9chissant et la liaison radio, afin de proposer \u00e0 l\u2019apprenti une formation en toute s\u00e9curit\u00e9<a href=\"http:\/\/www.autoscool-clermont.com\/tarifs\/formation-bsram\/\">.<\/a><\/p>\n<\/div>\n<p><span style=\"color: #ff0000;\"><strong><u>Lieux Formation pratique 2 roues\u00a0 (hors circulation)<\/u><\/strong><\/span><\/p>\n<p>A \u2013 Auto-\u00e9cole Auto\u2019Scool Lafayette \u2013 63000 CLERMONT-FERRAND<\/p>\n<p>B \u2013\u00a0 Parking Campus des C\u00e9zeaux, Avenue Blaise Pascal, 63170 AUBIERE, accessible toute la journ\u00e9e, situ\u00e9e \u00e0 10 minutes de l\u2019auto-\u00e9cole 3,3 \u00a0km, accessible 7 jours sur 7.<\/p>\n<p><a href=\"http:\/\/www.autoscool-clermont.com\/wp-content\/uploads\/2014\/01\/Lafayette-plan-piste.png\"><img loading=\"lazy\" decoding=\"async\" class=\"wp-image-1701 aligncenter\" src=\"http:\/\/www.autoscool-clermont.com\/wp-content\/uploads\/2014\/01\/Lafayette-plan-piste.png\" alt=\"\" width=\"500\" height=\"394\" \/><\/a><\/p>\n<div>\n<p><span style=\"color: #ff0000;\"><strong><u>Moyens <\/u><\/strong><\/span><\/p>\n<p>&#8211; 2 scooters Yamaha 49,9 cm<br \/>\n&#8211; C\u00f4nes<br \/>\n&#8211; 2 Talkies Walkies +oreillettes<br \/>\n&#8211; 2 gilets\u00a0 moto \u00e9coles r\u00e9glementaires<\/p>\n<p><span style=\"color: #ff0000;\"><strong><u>Capacit\u00e9 d\u2019accueil<\/u><\/strong><\/span><\/p>\n<p>&#8211; Pas de b\u00e2timent ou local sur place,\u00a0 2 \u00e9l\u00e8ves par cours\u00a0 maximum<\/p>\n<p><span style=\"color: #ff0000;\"><strong><u>Enseignant <\/u><\/strong><\/span><\/p>\n<p>&#8211; Un enseignant titulaire de l\u2019autorisation d\u2019enseigner \u00ab mention 2 roues \u00bb<\/p>\n<\/div>\n","protected":false},"excerpt":{"rendered":"<p>Prochaine formation : Nous consulter LA FORMATION CYCLOMOTEUR (Am)Une formation pour une meilleure s\u00e9curit\u00e9 Principe Depuis le 19 janvier 2013, le permis Am remplace le Brevet de S\u00e9curit\u00e9 Routi\u00e8re (B.S.R.). Il est accessible \u00e0 partir de 14 ans et permet de conduire\u00a0: &#8211;\u00a0\u00a0\u00a0\u00a0\u00a0\u00a0\u00a0\u00a0 un cyclomoteur d&rsquo;une cylindr\u00e9e de 50 cm3 maximum ou d&rsquo;une puissance maximale &#8230; <a title=\"Formation AM (BSR)\" class=\"read-more\" href=\"https:\/\/www.autoscool-clermont.com\/lblum\/index.php\/formations\/formation-am-bsr\/\" aria-label=\"En savoir plus sur Formation AM (BSR)\">Lire la suite<\/a><\/p>\n","protected":false},"author":1,"featured_media":0,"parent":53,"menu_order":6,"comment_status":"closed","ping_status":"closed","template":"","meta":{"footnotes":""},"_links":{"self":[{"href":"https:\/\/www.autoscool-clermont.com\/lblum\/index.php\/wp-json\/wp\/v2\/pages\/70"}],"collection":[{"href":"https:\/\/www.autoscool-clermont.com\/lblum\/index.php\/wp-json\/wp\/v2\/pages"}],"about":[{"href":"https:\/\/www.autoscool-clermont.com\/lblum\/index.php\/wp-json\/wp\/v2\/types\/page"}],"author":[{"embeddable":true,"href":"https:\/\/www.autoscool-clermont.com\/lblum\/index.php\/wp-json\/wp\/v2\/users\/1"}],"replies":[{"embeddable":true,"href":"https:\/\/www.autoscool-clermont.com\/lblum\/index.php\/wp-json\/wp\/v2\/comments?post=70"}],"version-history":[{"count":11,"href":"https:\/\/www.autoscool-clermont.com\/lblum\/index.php\/wp-json\/wp\/v2\/pages\/70\/revisions"}],"predecessor-version":[{"id":324,"href":"https:\/\/www.autoscool-clermont.com\/lblum\/index.php\/wp-json\/wp\/v2\/pages\/70\/revisions\/324"}],"up":[{"embeddable":true,"href":"https:\/\/www.autoscool-clermont.com\/lblum\/index.php\/wp-json\/wp\/v2\/pages\/53"}],"wp:attachment":[{"href":"https:\/\/www.autoscool-clermont.com\/lblum\/index.php\/wp-json\/wp\/v2\/media?parent=70"}],"curies":[{"name":"wp","href":"https:\/\/api.w.org\/{rel}","templated":true}]}}