{"id":86,"date":"2021-01-24T18:44:24","date_gmt":"2021-01-24T17:44:24","guid":{"rendered":"http:\/\/www.autoscool-clermont.com\/lblum\/?page_id=86"},"modified":"2024-11-13T11:58:06","modified_gmt":"2024-11-13T10:58:06","slug":"horaires-2","status":"publish","type":"page","link":"https:\/\/www.autoscool-clermont.com\/lblum\/index.php\/horaires-2\/","title":{"rendered":"Horaires"},"content":{"rendered":"\n<p class=\"has-text-align-center\"><span style=\"color: #ff0000;\"><strong><span style=\"font-size: x-large;\">ACCUEIL<\/span><\/strong><\/span><\/p>\n\n\n\n<p class=\"has-text-align-center\">Le lundi et le vendredi de 14h \u00e0 17h<br>Le mardi, mercredi et jeudi de 15h \u00e0 18h<br>Le samedi matin sur rendez-vous<\/p>\n\n\n\n<p class=\"has-text-align-center\"><span style=\"color: #ff0000;\"><strong><span style=\"font-size: x-large;\">COURS DE CONDUITE<\/span><\/strong><\/span><\/p>\n\n\n\n<p class=\"has-text-align-center\">Du lundi au vendredi &#8211; de 8 h \u00e0 20 h<br>Le samedi &#8211; de 8 h \u00e0 12 h<\/p>\n\n\n\n<p class=\"has-text-align-center\"><span style=\"color: #ff0000;\"><strong><strong><span style=\"font-size: x-large;\"><strong>CODE<\/strong><\/span><\/strong><\/strong><\/span><\/p>\n\n\n\n<p class=\"has-text-align-center\"><strong><strong>&nbsp;<\/strong><\/strong><strong><strong><strong>Tests encadr\u00e9s par un enseignant de la conduite et de la s\u00e9curit\u00e9 routi\u00e8re<\/strong><\/strong><\/strong><\/p>\n\n\n\n<p class=\"has-text-align-center\"> <br>Le lundi et le vendredi de 14h \u00e0 17h<br>Le mardi, mercredi et jeudi de 15h \u00e0 18h <\/p>\n\n\n\n<p class=\"has-text-align-center\"><strong><strong>&nbsp;<\/strong><\/strong><strong><strong><strong>Cours encadr\u00e9s par un enseignant de la conduite et de la s\u00e9curit\u00e9 routi\u00e8re<\/strong><\/strong><\/strong><\/p>\n\n\n\n<p class=\"has-text-align-center\">Tous les mercredis de 17h \u00e0 18h<\/p>\n\n\n\n<p class=\"has-text-align-center\">Th\u00e8mes abord\u00e9s lors des cours de code :<\/p>\n\n\n\n<p class=\"has-text-align-center\">\u2022 La signalisation<br>\u2022 Les distances (arr\u00eat, s\u00e9curit\u00e9, freinage, r\u00e9action)<br>\u2022 Alcool \/Drogues \/ Fatigue<br>\u2022 Les feux<br>\u2022 Respect des usagers sur la route \u2022 Porter Secours<br>\u2022 El\u00e9ments m\u00e9caniques sur le v\u00e9hicule<br>\u2022 Documents obligatoires<br>\u2022 Installation du conducteur et des passagers<br>\u2022 Respect de l\u2019environnement<\/p>\n\n\n\n<p class=\"has-text-align-center\"><strong><a title=\"Venir chez Auto'Scool en Tram ou bus\" href=\"http:\/\/www.t2c.fr\/votre-trajet\/votre-itineraire\" target=\"_blank\" rel=\"noopener noreferrer\">Venir chez Auto&rsquo;Scool en&nbsp; TRAM ou Bus<\/a><\/strong><\/p>\n","protected":false},"excerpt":{"rendered":"<p>ACCUEIL Le lundi et le vendredi de 14h \u00e0 17hLe mardi, mercredi et jeudi de 15h \u00e0 18hLe samedi matin sur rendez-vous COURS DE CONDUITE Du lundi au vendredi &#8211; de 8 h \u00e0 20 hLe samedi &#8211; de 8 h \u00e0 12 h CODE &nbsp;Tests encadr\u00e9s par un enseignant de la conduite et de &#8230; <a title=\"Horaires\" class=\"read-more\" href=\"https:\/\/www.autoscool-clermont.com\/lblum\/index.php\/horaires-2\/\" aria-label=\"En savoir plus sur Horaires\">Lire la suite<\/a><\/p>\n","protected":false},"author":1,"featured_media":0,"parent":0,"menu_order":0,"comment_status":"closed","ping_status":"closed","template":"","meta":{"footnotes":""},"_links":{"self":[{"href":"https:\/\/www.autoscool-clermont.com\/lblum\/index.php\/wp-json\/wp\/v2\/pages\/86"}],"collection":[{"href":"https:\/\/www.autoscool-clermont.com\/lblum\/index.php\/wp-json\/wp\/v2\/pages"}],"about":[{"href":"https:\/\/www.autoscool-clermont.com\/lblum\/index.php\/wp-json\/wp\/v2\/types\/page"}],"author":[{"embeddable":true,"href":"https:\/\/www.autoscool-clermont.com\/lblum\/index.php\/wp-json\/wp\/v2\/users\/1"}],"replies":[{"embeddable":true,"href":"https:\/\/www.autoscool-clermont.com\/lblum\/index.php\/wp-json\/wp\/v2\/comments?post=86"}],"version-history":[{"count":5,"href":"https:\/\/www.autoscool-clermont.com\/lblum\/index.php\/wp-json\/wp\/v2\/pages\/86\/revisions"}],"predecessor-version":[{"id":326,"href":"https:\/\/www.autoscool-clermont.com\/lblum\/index.php\/wp-json\/wp\/v2\/pages\/86\/revisions\/326"}],"wp:attachment":[{"href":"https:\/\/www.autoscool-clermont.com\/lblum\/index.php\/wp-json\/wp\/v2\/media?parent=86"}],"curies":[{"name":"wp","href":"https:\/\/api.w.org\/{rel}","templated":true}]}}